{"id":1374,"date":"2024-03-18T12:24:58","date_gmt":"2024-03-18T11:24:58","guid":{"rendered":"https:\/\/hotelsacherbaden.com\/?page_id=1374"},"modified":"2024-05-28T22:09:55","modified_gmt":"2024-05-28T20:09:55","slug":"jobs","status":"publish","type":"page","link":"https:\/\/hotelsacherbaden.com\/en\/jobs\/","title":{"rendered":"Career"},"content":{"rendered":"<div class=\"wp-block-stackable-columns alignfull stk-block-columns stk-block stk-ae7c2f6 stk-block-background\" data-block-id=\"ae7c2f6\"><style>.stk-ae7c2f6{background-color:var(--theme-palette-color-6,#f7f7f2) !important;margin-bottom:50px !important}.stk-ae7c2f6:before{background-color:var(--theme-palette-color-6,#f7f7f2) !important}<\/style><div class=\"stk-row stk-inner-blocks stk-block-content stk-content-align stk-ae7c2f6-column alignfull\">\n<div class=\"wp-block-stackable-column stk-block-column stk-column stk-block stk-d48b8b7\" data-v=\"4\" data-block-id=\"d48b8b7\"><div class=\"stk-column-wrapper stk-block-column__content stk-container stk-d48b8b7-container stk--no-background stk--no-padding\"><div class=\"stk-block-content stk-inner-blocks stk-d48b8b7-inner-blocks\">\n<div class=\"wp-block-stackable-columns aligncenter stk-block-columns stk-block stk-bbdeead\" data-block-id=\"bbdeead\"><div class=\"stk-row stk-inner-blocks stk-block-content stk-content-align stk-bbdeead-column\">\n<div class=\"wp-block-stackable-column stk-block-column stk-column stk-block stk-483abbc\" data-v=\"4\" data-block-id=\"483abbc\"><div class=\"stk-column-wrapper stk-block-column__content stk-container stk-483abbc-container stk--no-background stk--no-padding\"><div class=\"stk-block-content stk-inner-blocks stk-483abbc-inner-blocks\">\n<div class=\"wp-block-stackable-heading stk-block-heading stk-block-heading--v2 stk-block stk-e7f3d51\" id=\"karriere\" data-block-id=\"e7f3d51\"><style>.stk-e7f3d51{margin-bottom:0px !important}.stk-e7f3d51 .stk-block-heading__text{color:var(--theme-palette-color-2,#f6bd2d) !important;font-family:\"Great Vibes\",Sans-serif !important}<\/style><h1 class=\"stk-block-heading__text has-text-color has-text-align-center\">Career<\/h1><\/div>\n\n\n\n<div class=\"wp-block-stackable-text stk-block-text stk-block stk-6aa2c8d\" data-block-id=\"6aa2c8d\"><style>.stk-6aa2c8d{margin-bottom:0px !important}<\/style><p class=\"stk-block-text__text has-text-align-center\"><span style=\"color: var(--theme-palette-color-3, #585858);\" class=\"stk-highlight\">Join our family.<\/span><\/p><\/div>\n\n\n\n<p class=\"has-text-align-center\">We are always on the lookout for motivated employees. You want to be part of the<br>Hotel Sacher Baden family. Please send us your convincing<br>application.<\/p>\n\n\n\n<div class=\"wp-block-stackable-button-group aligncenter stk-block-button-group stk-block stk-8114c35\" data-block-id=\"8114c35\"><div class=\"stk-row stk-inner-blocks has-text-align-center stk-block-content stk-button-group\">\n<div class=\"wp-block-stackable-button stk-block-button has-text-align-center stk-block stk-916feec\" data-block-id=\"916feec\"><a class=\"stk-link stk-button stk--hover-effect-darken\" href=\"\/en\/kontakt\/\"><span class=\"stk-button__inner-text\">Contact<\/span><\/a><\/div>\n<\/div><\/div>\n<\/div><\/div><\/div>\n<\/div><\/div>\n<\/div><\/div><\/div>\n<\/div><\/div>\n\n\n\n<div class=\"wp-block-stackable-columns alignfull stk-block-columns stk-block stk-9bf98a7\" data-block-id=\"9bf98a7\"><style>.stk-9bf98a7{margin-bottom:40px !important}<\/style><div class=\"stk-row stk-inner-blocks stk-block-content stk-content-align stk-9bf98a7-column alignfull\">\n<div class=\"wp-block-stackable-column stk-block-column stk-column stk-block stk-65c6b89\" data-v=\"4\" data-block-id=\"65c6b89\"><div class=\"stk-column-wrapper stk-block-column__content stk-container stk-65c6b89-container stk--no-background stk--no-padding\"><div class=\"stk-block-content stk-inner-blocks stk-65c6b89-inner-blocks\">\n<div class=\"wp-block-stackable-columns aligncenter stk-block-columns stk-block stk-c195f9e\" data-block-id=\"c195f9e\"><div class=\"stk-row stk-inner-blocks stk-block-content stk-content-align stk-c195f9e-column\">\n<div class=\"wp-block-stackable-column stk-block-column stk-column stk-block stk-8e18f3d\" data-v=\"4\" data-block-id=\"8e18f3d\"><div class=\"stk-column-wrapper stk-block-column__content stk-container stk-8e18f3d-container stk--no-background stk--no-padding\"><div class=\"stk-block-content stk-inner-blocks stk-8e18f3d-inner-blocks\">\n<div class=\"wp-block-stackable-heading stk-block-heading stk-block-heading--v2 stk-block stk-7f3ac5e\" id=\"aktuelle-stellenangebote\" data-block-id=\"7f3ac5e\"><style>.stk-7f3ac5e{margin-bottom:0px !important}.stk-7f3ac5e .stk-block-heading__text{color:var(--theme-palette-color-2,#f6bd2d) !important;font-family:\"Great Vibes\",Sans-serif !important}<\/style><h1 class=\"stk-block-heading__text has-text-color has-text-align-center\">Current vacancies:<\/h1><\/div>\n\n\n\n<p class=\"has-text-align-center\"><strong>The Hotel Sacher Baden family is looking for reinforcement:<br><span style=\"color: var(--theme-palette-color-1, #DCA720);\" class=\"stk-highlight\">Full-time kitchen assistant or dishwasher<\/span><\/strong><br><strong><span style=\"color: var(--theme-palette-color-1, #DCA720);\" class=\"stk-highlight\">Chef | Cook<br>Service staff<br>Rezeptionist:in <br>Housekeeping<\/span><\/strong><br>Within our family-run company, we offer remuneration above<br>the collective agreement.<\/p>\n<\/div><\/div><\/div>\n<\/div><\/div>\n<\/div><\/div><\/div>\n<\/div><\/div>\n\n\n\n<div class=\"wp-block-stackable-columns alignfull stk-block-columns stk-block stk-534e8b4\" data-block-id=\"534e8b4\"><div class=\"stk-row stk-inner-blocks stk-block-content stk-content-align stk-534e8b4-column alignfull\">\n<div class=\"wp-block-stackable-column stk-block-column stk-column stk-block stk-cc3e729\" data-v=\"4\" data-block-id=\"cc3e729\"><div class=\"stk-column-wrapper stk-block-column__content stk-container stk-cc3e729-container stk--no-background stk--no-padding\"><div class=\"stk-block-content stk-inner-blocks stk-cc3e729-inner-blocks\">\n<div class=\"wp-block-stackable-columns aligncenter stk-block-columns stk-block stk-61357cd\" data-block-id=\"61357cd\"><div class=\"stk-row stk-inner-blocks stk-block-content stk-content-align stk-61357cd-column\">\n<div class=\"wp-block-stackable-column stk-block-column stk-column stk-block stk-730d09c\" data-v=\"4\" data-block-id=\"730d09c\"><div class=\"stk-column-wrapper stk-block-column__content stk-container stk-730d09c-container stk--no-background stk--no-padding\"><div class=\"stk-block-content stk-inner-blocks stk-730d09c-inner-blocks\">\n<details class=\"wp-block-stackable-accordion stk-block-accordion stk-inner-blocks stk-block-content stk-block stk-30ee76b is-style-default\" data-block-id=\"30ee76b\">\n<summary class=\"wp-block-stackable-column stk-block-column stk-column stk-block stk-62546e3 stk--container-small stk-block-accordion__heading\" data-v=\"4\" data-block-id=\"62546e3\"><div class=\"stk-column-wrapper stk-block-column__content stk-container stk-62546e3-container stk-hover-parent\"><div class=\"stk-block-content stk-inner-blocks stk-62546e3-inner-blocks\">\n<div class=\"wp-block-stackable-icon-label stk-block-icon-label stk-block stk-247c481\" data-block-id=\"247c481\"><div class=\"stk-row stk-inner-blocks stk-block-content\">\n<div class=\"wp-block-stackable-heading stk-block-heading stk-block-heading--v2 stk-block stk-b8330d8\" id=\"kuche\" data-block-id=\"b8330d8\"><h4 class=\"stk-block-heading__text\">Kitchen<\/h4><\/div>\n\n\n\n<div class=\"wp-block-stackable-icon stk-block-icon stk-block stk-90cf1da\" data-block-id=\"90cf1da\"><span class=\"stk--svg-wrapper\"><div class=\"stk--inner-svg\"><svg style=\"height:0;width:0\"><defs><lineargradient id=\"linear-gradient-90cf1da\" x1=\"0\" x2=\"100%\" y1=\"0\" y2=\"0\"><stop offset=\"0%\" style=\"stop-opacity:1;stop-color:var(--linear-gradient-90-cf-1-da-color-1)\"><\/stop><stop offset=\"100%\" style=\"stop-opacity:1;stop-color:var(--linear-gradient-90-cf-1-da-color-2)\"><\/stop><\/lineargradient><\/defs><\/svg><svg data-prefix=\"fas\" data-icon=\"chevron-down\" class=\"svg-inline--fa fa-chevron-down fa-w-14\" xmlns=\"http:\/\/www.w3.org\/2000\/svg\" viewbox=\"0 0 448 512\" aria-hidden=\"true\" width=\"32\" height=\"32\"><path fill=\"currentColor\" d=\"M207.029 381.476L12.686 187.132c-9.373-9.373-9.373-24.569 0-33.941l22.667-22.667c9.357-9.357 24.522-9.375 33.901-.04L224 284.505l154.745-154.021c9.379-9.335 24.544-9.317 33.901.04l22.667 22.667c9.373 9.373 9.373 24.569 0 33.941L240.971 381.476c-9.373 9.372-24.569 9.372-33.942 0z\"><\/path><\/svg><\/div><\/span><\/div>\n<\/div><\/div>\n<\/div><\/div><\/summary>\n\n\n\n<div class=\"wp-block-stackable-column stk-block-column stk-column stk-block stk-669a87f stk-block-accordion__content\" data-v=\"4\" data-block-id=\"669a87f\"><div class=\"stk-column-wrapper stk-block-column__content stk-container stk-669a87f-container stk--no-background stk--no-padding\"><div class=\"stk-block-content stk-inner-blocks stk-669a87f-inner-blocks\">\n<p>In our kitchen we create special flavours and sensory experiences,<br>reinterpret dishes and create unique compositions for<br>kulinarische Freude. (Ver)st\u00e4rke unseres Teams und bringe deine pers\u00f6nliche<br>to the plates.<\/p>\n<\/div><\/div><\/div>\n<\/details>\n\n\n\n<details class=\"wp-block-stackable-accordion stk-block-accordion stk-inner-blocks stk-block-content stk-block stk-26fd450 is-style-default\" data-block-id=\"26fd450\">\n<summary class=\"wp-block-stackable-column stk-block-column stk-column stk-block stk-fd9a876 stk--container-small stk-block-accordion__heading\" data-v=\"4\" data-block-id=\"fd9a876\"><div class=\"stk-column-wrapper stk-block-column__content stk-container stk-fd9a876-container stk-hover-parent\"><div class=\"stk-block-content stk-inner-blocks stk-fd9a876-inner-blocks\">\n<div class=\"wp-block-stackable-icon-label stk-block-icon-label stk-block stk-bd4e8a5\" data-block-id=\"bd4e8a5\"><div class=\"stk-row stk-inner-blocks stk-block-content\">\n<div class=\"wp-block-stackable-heading stk-block-heading stk-block-heading--v2 stk-block stk-09b81d0\" id=\"service\" data-block-id=\"09b81d0\"><h4 class=\"stk-block-heading__text\">Service<\/h4><\/div>\n\n\n\n<div class=\"wp-block-stackable-icon stk-block-icon stk-block stk-ea4a2b6\" data-block-id=\"ea4a2b6\"><span class=\"stk--svg-wrapper\"><div class=\"stk--inner-svg\"><svg style=\"height:0;width:0\"><defs><lineargradient id=\"linear-gradient-ea4a2b6\" x1=\"0\" x2=\"100%\" y1=\"0\" y2=\"0\"><stop offset=\"0%\" style=\"stop-opacity:1;stop-color:var(--linear-gradient-ea-4-a-2-b-6-color-1)\"><\/stop><stop offset=\"100%\" style=\"stop-opacity:1;stop-color:var(--linear-gradient-ea-4-a-2-b-6-color-2)\"><\/stop><\/lineargradient><\/defs><\/svg><svg data-prefix=\"fas\" data-icon=\"chevron-down\" class=\"svg-inline--fa fa-chevron-down fa-w-14\" xmlns=\"http:\/\/www.w3.org\/2000\/svg\" viewbox=\"0 0 448 512\" aria-hidden=\"true\" width=\"32\" height=\"32\"><path fill=\"currentColor\" d=\"M207.029 381.476L12.686 187.132c-9.373-9.373-9.373-24.569 0-33.941l22.667-22.667c9.357-9.357 24.522-9.375 33.901-.04L224 284.505l154.745-154.021c9.379-9.335 24.544-9.317 33.901.04l22.667 22.667c9.373 9.373 9.373 24.569 0 33.941L240.971 381.476c-9.373 9.372-24.569 9.372-33.942 0z\"><\/path><\/svg><\/div><\/span><\/div>\n<\/div><\/div>\n<\/div><\/div><\/summary>\n\n\n\n<div class=\"wp-block-stackable-column stk-block-column stk-column stk-block stk-cf98b7b stk-block-accordion__content\" data-v=\"4\" data-block-id=\"cf98b7b\"><div class=\"stk-column-wrapper stk-block-column__content stk-container stk-cf98b7b-container stk--no-background stk--no-padding\"><div class=\"stk-block-content stk-inner-blocks stk-cf98b7b-inner-blocks\">\n<p>It's the people, the exceptional service and the honest<br>hospitality make the Hotel Baden Sacher a very special place.<br>Strengthen us in service and enrich every stay of our customers<br>with your personality.<\/p>\n<\/div><\/div><\/div>\n<\/details>\n\n\n\n<details class=\"wp-block-stackable-accordion stk-block-accordion stk-inner-blocks stk-block-content stk-block stk-43af3af is-style-default\" data-block-id=\"43af3af\">\n<summary class=\"wp-block-stackable-column stk-block-column stk-column stk-block stk-dfd73f3 stk--container-small stk-block-accordion__heading\" data-v=\"4\" data-block-id=\"dfd73f3\"><div class=\"stk-column-wrapper stk-block-column__content stk-container stk-dfd73f3-container stk-hover-parent\"><div class=\"stk-block-content stk-inner-blocks stk-dfd73f3-inner-blocks\">\n<div class=\"wp-block-stackable-icon-label stk-block-icon-label stk-block stk-4c7a705\" data-block-id=\"4c7a705\"><div class=\"stk-row stk-inner-blocks stk-block-content\">\n<div class=\"wp-block-stackable-heading stk-block-heading stk-block-heading--v2 stk-block stk-bad7822\" id=\"rezeption\" data-block-id=\"bad7822\"><h4 class=\"stk-block-heading__text\">Rezeption <\/h4><\/div>\n\n\n\n<div class=\"wp-block-stackable-icon stk-block-icon stk-block stk-cb465eb\" data-block-id=\"cb465eb\"><span class=\"stk--svg-wrapper\"><div class=\"stk--inner-svg\"><svg style=\"height:0;width:0\"><defs><lineargradient id=\"linear-gradient-cb465eb\" x1=\"0\" x2=\"100%\" y1=\"0\" y2=\"0\"><stop offset=\"0%\" style=\"stop-opacity:1;stop-color:var(--linear-gradient-cb-465-eb-color-1)\"><\/stop><stop offset=\"100%\" style=\"stop-opacity:1;stop-color:var(--linear-gradient-cb-465-eb-color-2)\"><\/stop><\/lineargradient><\/defs><\/svg><svg data-prefix=\"fas\" data-icon=\"chevron-down\" class=\"svg-inline--fa fa-chevron-down fa-w-14\" xmlns=\"http:\/\/www.w3.org\/2000\/svg\" viewbox=\"0 0 448 512\" aria-hidden=\"true\" width=\"32\" height=\"32\"><path fill=\"currentColor\" d=\"M207.029 381.476L12.686 187.132c-9.373-9.373-9.373-24.569 0-33.941l22.667-22.667c9.357-9.357 24.522-9.375 33.901-.04L224 284.505l154.745-154.021c9.379-9.335 24.544-9.317 33.901.04l22.667 22.667c9.373 9.373 9.373 24.569 0 33.941L240.971 381.476c-9.373 9.372-24.569 9.372-33.942 0z\"><\/path><\/svg><\/div><\/span><\/div>\n<\/div><\/div>\n<\/div><\/div><\/summary>\n\n\n\n<div class=\"wp-block-stackable-column stk-block-column stk-column stk-block stk-cf24a27 stk-block-accordion__content\" data-v=\"4\" data-block-id=\"cf24a27\"><div class=\"stk-column-wrapper stk-block-column__content stk-container stk-cf24a27-container stk--no-background stk--no-padding\"><div class=\"stk-block-content stk-inner-blocks stk-cf24a27-inner-blocks\">\n<p>The warm welcome and the helpful handling of all the<br>Guest enquiries are an essential part of our philosophy. And our<br>figurehead. Strengthen us at the reception desk or in the back office and<br>accompany our guests from booking to departure.<\/p>\n<\/div><\/div><\/div>\n<\/details>\n\n\n\n<details class=\"wp-block-stackable-accordion stk-block-accordion stk-inner-blocks stk-block-content stk-block stk-fa207f5 is-style-default\" data-block-id=\"fa207f5\">\n<summary class=\"wp-block-stackable-column stk-block-column stk-column stk-block stk-a319169 stk--container-small stk-block-accordion__heading\" data-v=\"4\" data-block-id=\"a319169\"><div class=\"stk-column-wrapper stk-block-column__content stk-container stk-a319169-container stk-hover-parent\"><div class=\"stk-block-content stk-inner-blocks stk-a319169-inner-blocks\">\n<div class=\"wp-block-stackable-icon-label stk-block-icon-label stk-block stk-9bb70cf\" data-block-id=\"9bb70cf\"><div class=\"stk-row stk-inner-blocks stk-block-content\">\n<div class=\"wp-block-stackable-heading stk-block-heading stk-block-heading--v2 stk-block stk-182a85b\" id=\"housekeeping\" data-block-id=\"182a85b\"><h4 class=\"stk-block-heading__text\">Housekeeping<\/h4><\/div>\n\n\n\n<div class=\"wp-block-stackable-icon stk-block-icon stk-block stk-20e5bdb\" data-block-id=\"20e5bdb\"><span class=\"stk--svg-wrapper\"><div class=\"stk--inner-svg\"><svg style=\"height:0;width:0\"><defs><lineargradient id=\"linear-gradient-20e5bdb\" x1=\"0\" x2=\"100%\" y1=\"0\" y2=\"0\"><stop offset=\"0%\" style=\"stop-opacity:1;stop-color:var(--linear-gradient-20-e-5-bdb-color-1)\"><\/stop><stop offset=\"100%\" style=\"stop-opacity:1;stop-color:var(--linear-gradient-20-e-5-bdb-color-2)\"><\/stop><\/lineargradient><\/defs><\/svg><svg data-prefix=\"fas\" data-icon=\"chevron-down\" class=\"svg-inline--fa fa-chevron-down fa-w-14\" xmlns=\"http:\/\/www.w3.org\/2000\/svg\" viewbox=\"0 0 448 512\" aria-hidden=\"true\" width=\"32\" height=\"32\"><path fill=\"currentColor\" d=\"M207.029 381.476L12.686 187.132c-9.373-9.373-9.373-24.569 0-33.941l22.667-22.667c9.357-9.357 24.522-9.375 33.901-.04L224 284.505l154.745-154.021c9.379-9.335 24.544-9.317 33.901.04l22.667 22.667c9.373 9.373 9.373 24.569 0 33.941L240.971 381.476c-9.373 9.372-24.569 9.372-33.942 0z\"><\/path><\/svg><\/div><\/span><\/div>\n<\/div><\/div>\n<\/div><\/div><\/summary>\n\n\n\n<div class=\"wp-block-stackable-column stk-block-column stk-column stk-block stk-f7bca50 stk-block-accordion__content\" data-v=\"4\" data-block-id=\"f7bca50\"><div class=\"stk-column-wrapper stk-block-column__content stk-container stk-f7bca50-container stk--no-background stk--no-padding\"><div class=\"stk-block-content stk-inner-blocks stk-f7bca50-inner-blocks\">\n<p>The sophisticated ambience and the many loving details make the Hotel Sacher<br>Baden to a home away from home. Strengthen our housekeeping and contribute<br>with an awareness of cleanliness and tidiness to create a beautiful<br>feel-good atmosphere.<\/p>\n<\/div><\/div><\/div>\n<\/details>\n\n\n\n<details class=\"wp-block-stackable-accordion stk-block-accordion stk-inner-blocks stk-block-content stk-block stk-dadd1ec is-style-default\" data-block-id=\"dadd1ec\">\n<summary class=\"wp-block-stackable-column stk-block-column stk-column stk-block stk-6d6301e stk--container-small stk-block-accordion__heading\" data-v=\"4\" data-block-id=\"6d6301e\"><div class=\"stk-column-wrapper stk-block-column__content stk-container stk-6d6301e-container stk-hover-parent\"><div class=\"stk-block-content stk-inner-blocks stk-6d6301e-inner-blocks\">\n<div class=\"wp-block-stackable-icon-label stk-block-icon-label stk-block stk-b255b24\" data-block-id=\"b255b24\"><div class=\"stk-row stk-inner-blocks stk-block-content\">\n<div class=\"wp-block-stackable-heading stk-block-heading stk-block-heading--v2 stk-block stk-7cba2df\" id=\"lehre-amp-praktikum\" data-block-id=\"7cba2df\"><h4 class=\"stk-block-heading__text\">Apprenticeship &amp; internship<\/h4><\/div>\n\n\n\n<div class=\"wp-block-stackable-icon stk-block-icon stk-block stk-a91656f\" data-block-id=\"a91656f\"><span class=\"stk--svg-wrapper\"><div class=\"stk--inner-svg\"><svg style=\"height:0;width:0\"><defs><lineargradient id=\"linear-gradient-a91656f\" x1=\"0\" x2=\"100%\" y1=\"0\" y2=\"0\"><stop offset=\"0%\" style=\"stop-opacity:1;stop-color:var(--linear-gradient-a-91656-f-color-1)\"><\/stop><stop offset=\"100%\" style=\"stop-opacity:1;stop-color:var(--linear-gradient-a-91656-f-color-2)\"><\/stop><\/lineargradient><\/defs><\/svg><svg data-prefix=\"fas\" data-icon=\"chevron-down\" class=\"svg-inline--fa fa-chevron-down fa-w-14\" xmlns=\"http:\/\/www.w3.org\/2000\/svg\" viewbox=\"0 0 448 512\" aria-hidden=\"true\" width=\"32\" height=\"32\"><path fill=\"currentColor\" d=\"M207.029 381.476L12.686 187.132c-9.373-9.373-9.373-24.569 0-33.941l22.667-22.667c9.357-9.357 24.522-9.375 33.901-.04L224 284.505l154.745-154.021c9.379-9.335 24.544-9.317 33.901.04l22.667 22.667c9.373 9.373 9.373 24.569 0 33.941L240.971 381.476c-9.373 9.372-24.569 9.372-33.942 0z\"><\/path><\/svg><\/div><\/span><\/div>\n<\/div><\/div>\n<\/div><\/div><\/summary>\n\n\n\n<div class=\"wp-block-stackable-column stk-block-column stk-column stk-block stk-825ee8a stk-block-accordion__content\" data-v=\"4\" data-block-id=\"825ee8a\"><div class=\"stk-column-wrapper stk-block-column__content stk-container stk-825ee8a-container stk--no-background stk--no-padding\"><div class=\"stk-block-content stk-inner-blocks stk-825ee8a-inner-blocks\">\n<p>Shape your future. Here you can learn the basics from the best and improve your skills<br>in day-to-day hotel business. Whether your strengths lie in the kitchen, in service<br>or in the commercial sector, turn your passion into a profession and<br>strengthen the Hotel Sacher Baden team as an apprentice or internship.<\/p>\n<\/div><\/div><\/div>\n<\/details>\n<\/div><\/div><\/div>\n<\/div><\/div>\n<\/div><\/div><\/div>\n<\/div><\/div>","protected":false},"excerpt":{"rendered":"<p>Karriere Join our family. Wir sind immer auf der Suche nach motivierten Mitarbeiter:innen. Du m\u00f6chtest Teil derHotel Sacher Baden Familie werden. Sende uns gerne deine aussagekr\u00e4ftigeBewerbung. Kontakt Aktuelle Stellenangebote: Die Hotel Sacher Baden Familie sucht Verst\u00e4rkung:K\u00fcchenhilfe bzw. Abw\u00e4scher:in in VollzeitKoch | K\u00f6chinServicekraftRezeptionist:in HousekeepingWir bieten innerhalb unseres famili\u00e4r gef\u00fchrten Unternehmens eine Entlohnung \u00fcberKollektiv. K\u00fcche In unserer [&hellip;]<\/p>","protected":false},"author":4,"featured_media":0,"parent":0,"menu_order":0,"comment_status":"closed","ping_status":"closed","template":"","meta":{"_acf_changed":false,"footnotes":""},"class_list":["post-1374","page","type-page","status-publish","hentry"],"blocksy_meta":[],"acf":[],"_links":{"self":[{"href":"https:\/\/hotelsacherbaden.com\/en\/wp-json\/wp\/v2\/pages\/1374","targetHints":{"allow":["GET"]}}],"collection":[{"href":"https:\/\/hotelsacherbaden.com\/en\/wp-json\/wp\/v2\/pages"}],"about":[{"href":"https:\/\/hotelsacherbaden.com\/en\/wp-json\/wp\/v2\/types\/page"}],"author":[{"embeddable":true,"href":"https:\/\/hotelsacherbaden.com\/en\/wp-json\/wp\/v2\/users\/4"}],"replies":[{"embeddable":true,"href":"https:\/\/hotelsacherbaden.com\/en\/wp-json\/wp\/v2\/comments?post=1374"}],"version-history":[{"count":8,"href":"https:\/\/hotelsacherbaden.com\/en\/wp-json\/wp\/v2\/pages\/1374\/revisions"}],"predecessor-version":[{"id":2245,"href":"https:\/\/hotelsacherbaden.com\/en\/wp-json\/wp\/v2\/pages\/1374\/revisions\/2245"}],"wp:attachment":[{"href":"https:\/\/hotelsacherbaden.com\/en\/wp-json\/wp\/v2\/media?parent=1374"}],"curies":[{"name":"wp","href":"https:\/\/api.w.org\/{rel}","templated":true}]}}