{"id":1745,"date":"2024-05-14T22:10:23","date_gmt":"2024-05-14T20:10:23","guid":{"rendered":"https:\/\/hotelsacherbaden.com\/?page_id=1745"},"modified":"2024-05-25T17:51:12","modified_gmt":"2024-05-25T15:51:12","slug":"gutscheine","status":"publish","type":"page","link":"https:\/\/hotelsacherbaden.com\/en\/gutscheine\/","title":{"rendered":"Vouchers"},"content":{"rendered":"<div class=\"wp-block-stackable-columns alignfull stk-block-columns stk-block stk-93933d0 stk-block-background\" data-block-id=\"93933d0\"><style>.stk-93933d0{background-color:var(u002du002dtheme-palette-color-8,#ffffff) !important;padding-top:0px !important;padding-bottom:0px !important;margin-bottom:0px !important}.stk-93933d0:before{background-color:var(u002du002dtheme-palette-color-8,#ffffff) !important}.stk-93933d0-column{--stk-columns-spacing:0px !important;row-gap:0px !important}<\/style><div class=\"stk-row stk-inner-blocks stk-block-content stk-content-align stk-93933d0-column alignfull\">\n<div class=\"wp-block-stackable-column stk-block-column stk-column stk-block stk-8f765cc stk-block-background\" data-v=\"4\" data-block-id=\"8f765cc\"><style>.stk-8f765cc{background-color:var(u002du002dtheme-palette-color-8,#ffffff) !important}.stk-8f765cc:before{background-color:var(u002du002dtheme-palette-color-8,#ffffff) !important}<\/style><div class=\"stk-column-wrapper stk-block-column__content stk-container stk-8f765cc-container stk--no-background stk--no-padding\"><div class=\"stk-block-content stk-inner-blocks stk-8f765cc-inner-blocks\">\n<div class=\"wp-block-stackable-columns alignfull stk-block-columns stk-block stk-b11edfe\" data-block-id=\"b11edfe\"><style>.stk-b11edfe-column{--stk-column-gap:64px !important;row-gap:32px !important}<\/style><div class=\"stk-row stk-inner-blocks stk-block-content stk-content-align stk-b11edfe-column\">\n<div class=\"wp-block-stackable-column stk-block-column stk-column stk-block stk-56c32c2\" data-v=\"4\" data-block-id=\"56c32c2\"><style>.stk-56c32c2-container{margin-top:0px !important;margin-right:0px !important;margin-bottom:0px !important;margin-left:0px !important}.stk-56c32c2{align-self:flex-start !important;align-items:flex-start !important;display:flex !important}.stk-56c32c2-inner-blocks{justify-content:center !important;row-gap:0px !important}@media screen and (min-width:690px) and (max-width:999px){.stk-56c32c2{flex:var(--stk-flex-grow,1) 1 calc(100% - var(--stk-column-gap,0px) * 0 \/ 1 ) !important}}<\/style><div class=\"stk-column-wrapper stk-block-column__content stk-container stk-56c32c2-container stk--no-background stk--no-padding\"><div class=\"stk--column-flex stk-block-content stk-inner-blocks stk-56c32c2-inner-blocks\">\n<div class=\"wp-block-stackable-image stk-block-image stk-block stk-ab91168\" data-block-id=\"ab91168\"><style>.stk-ab91168{margin-bottom:56px !important}.stk-ab91168 .stk-img-wrapper img{object-fit:cover !important}@media screen and (max-width:689px){.stk-ab91168{margin-bottom:30px !important}}<\/style><figure><span class=\"stk-img-wrapper stk-image--shape-stretch\"><img loading=\"lazy\" decoding=\"async\" class=\"stk-img wp-image-2021\" src=\"https:\/\/hotelsacherbaden.com\/wp-content\/uploads\/2024\/05\/Gutschein-Header3a.jpg\" width=\"796\" height=\"250\" alt=\"Hotel Sacher Baden - Doppelzimmer\" title=\"\" srcset=\"https:\/\/hotelsacherbaden.com\/wp-content\/uploads\/2024\/05\/Gutschein-Header3a.jpg 796w, https:\/\/hotelsacherbaden.com\/wp-content\/uploads\/2024\/05\/Gutschein-Header3a-300x94.jpg 300w, https:\/\/hotelsacherbaden.com\/wp-content\/uploads\/2024\/05\/Gutschein-Header3a-768x241.jpg 768w, https:\/\/hotelsacherbaden.com\/wp-content\/uploads\/2024\/05\/Gutschein-Header3a-18x6.jpg 18w\" sizes=\"auto, (max-width: 796px) 100vw, 796px\" \/><\/span><\/figure><\/div>\n\n\n\n<div class=\"wp-block-stackable-heading stk-block-heading stk-block-heading--v2 stk-block stk-7cfbc62\" id=\"span-style-color-var-palette-color-1-dca-720-class-stk-highlight-strong-zimmer-stil-strong-moderno-strong-strong-span\" data-block-id=\"7cfbc62\"><style>.stk-7cfbc62{margin-bottom:16px !important}.stk-7cfbc62 .stk-block-heading__text{color:#dca720 !important;font-family:\"Great Vibes\",Sans-serif !important}<\/style><h1 class=\"stk-block-heading__text has-text-color\">Gift vouchers<\/h1><\/div>\n\n\n\n<p>Give the gift of unforgettable moments at the Hotel Sacher Baden with our exclusive gift vouchers! <\/p>\n\n\n\n<p>Whether for a luxurious overnight stay, a relaxed themed brunch or a special event - our vouchers are the perfect gift for any occasion. Experience the unique atmosphere and first-class service of our hotel and make your loved ones happy. <\/p>\n\n\n\n<p>Buy your voucher now and spoil your loved ones!<\/p>\n\n\n\n<p>We offer two options to provide you with flexible and convenient ways to purchase vouchers for the Hotel Sacher Baden.<\/p>\n\n\n\n<p><strong><span style=\"color: var(--theme-palette-color-1, #DCA720);\" class=\"stk-highlight\">1. Personal pick-up and payment at the hotel:<\/span><\/strong><\/p>\n\n\n\n<p>You have the option of collecting the vouchers in person at the hotel and paying for them directly there. This is a convenient and quick option for local guests.<\/p>\n\n\n\n<p><strong><span style=\"color: var(--theme-palette-color-1, #DCA720);\" class=\"stk-highlight\">2. Online order with bank transfer:<\/span><\/strong><\/p>\n\n\n\n<p>Alternativ k\u00f6nnen Sie das Online-Formular ausf\u00fcllen, um einen Gutschein zu bestellen. Nach dem Ausf\u00fcllen und absenden erhalten Sie von uns eine Infomail mit den Bankdetails. Sobald das Geld auf dem Konto eingegangen ist, wird der Gutschein von uns pers\u00f6nlich erstellt und Ihnen per Post zugesendet.<\/p>\n\n\n\n<p><\/p>\n<\/div><\/div><\/div>\n\n\n\n<div class=\"wp-block-stackable-column stk-block-column stk-column stk-block stk-21d7159 stk-block-background\" data-v=\"4\" data-block-id=\"21d7159\"><style>.stk-21d7159-container{margin-top:0px !important;margin-right:0px !important;margin-bottom:0px !important;margin-left:0px !important}.stk-21d7159{align-self:flex-start !important;background-color:var(--theme-palette-color-7,#FAFBFC) !important}.stk-21d7159:before{background-color:var(--theme-palette-color-7,#FAFBFC) !important}@media screen and (min-width:690px) and (max-width:999px){.stk-21d7159{flex:var(--stk-flex-grow,1) 1 calc(100% - var(--stk-column-gap,0px) * 0 \/ 1 ) !important}}<\/style><div class=\"stk-column-wrapper stk-block-column__content stk-container stk-21d7159-container stk--no-background stk--no-padding\"><div class=\"stk-block-content stk-inner-blocks stk-21d7159-inner-blocks\">\n<div class=\"wp-block-contact-form-7-contact-form-selector\">\n<div class=\"wpcf7 no-js\" id=\"wpcf7-f1759-o1\" lang=\"de-DE\" dir=\"ltr\" data-wpcf7-id=\"1759\">\n<div class=\"screen-reader-response\"><p role=\"status\" aria-live=\"polite\" aria-atomic=\"true\"><\/p> <ul><\/ul><\/div>\n<form action=\"\/en\/wp-json\/wp\/v2\/pages\/1745#wpcf7-f1759-o1\" method=\"post\" class=\"wpcf7-form init\" aria-label=\"Contact form\" novalidate=\"novalidate\" data-status=\"init\" data-trp-original-action=\"\/en\/wp-json\/wp\/v2\/pages\/1745#wpcf7-f1759-o1\">\n<fieldset class=\"hidden-fields-container\"><input type=\"hidden\" name=\"_wpcf7\" value=\"1759\" \/><input type=\"hidden\" name=\"_wpcf7_version\" value=\"6.1.4\" \/><input type=\"hidden\" name=\"_wpcf7_locale\" value=\"de_DE\" \/><input type=\"hidden\" name=\"_wpcf7_unit_tag\" value=\"wpcf7-f1759-o1\" \/><input type=\"hidden\" name=\"_wpcf7_container_post\" value=\"0\" \/><input type=\"hidden\" name=\"_wpcf7_posted_data_hash\" value=\"\" \/>\n<\/fieldset>\n<p><strong>Which voucher would you like to give as a gift?<\/strong>\n<\/p>\n<p><small> Fields marked with * are mandatory!<\/small>\n<\/p>\n<p><label><strong>Name of the recipient:<\/strong><br \/>\n<span class=\"wpcf7-form-control-wrap\" data-name=\"Beschenkte-Name\"><input size=\"40\" maxlength=\"400\" class=\"wpcf7-form-control wpcf7-text wpcf7-validates-as-required\" aria-required=\"true\" aria-invalid=\"false\" value=\"\" type=\"text\" name=\"Beschenkte-Name\" \/><\/span> <\/label>\n<\/p>\n<p><strong>Gift voucher:<\/strong><br \/>\n<small>Value from EUR 50.00 to EUR 1,000.00<\/small><br \/>\n<label> Voucher value<br \/>\n<span class=\"wpcf7-form-control-wrap\" data-name=\"Gutschein-Wert\"><input class=\"wpcf7-form-control wpcf7-number wpcf7-validates-as-number\" min=\"50\" max=\"1000\" aria-invalid=\"false\" value=\"\" type=\"number\" name=\"Gutschein-Wert\" \/><\/span> <\/label><br \/>\n<label> Space for notes and contact details of the recipient<br \/>\n<span class=\"wpcf7-form-control-wrap\" data-name=\"your-message\"><input size=\"40\" maxlength=\"400\" class=\"wpcf7-form-control wpcf7-text\" aria-invalid=\"false\" value=\"\" type=\"text\" name=\"your-message\" \/><\/span> <\/label><br \/>\n<hr \/><br \/>\n<label> <strong>Invitation from*<\/strong><br \/>\n<span class=\"wpcf7-form-control-wrap\" data-name=\"your-name\"><input size=\"40\" maxlength=\"400\" class=\"wpcf7-form-control wpcf7-text wpcf7-validates-as-required\" aria-required=\"true\" aria-invalid=\"false\" value=\"Vor- und Nachname\" type=\"text\" name=\"your-name\" \/><\/span><\/label>\n<\/p>\n<p><label> Address*<br \/>\n<span class=\"wpcf7-form-control-wrap\" data-name=\"your-adress\"><input size=\"40\" maxlength=\"400\" class=\"wpcf7-form-control wpcf7-text wpcf7-validates-as-required\" aria-required=\"true\" aria-invalid=\"false\" value=\"\" type=\"text\" name=\"your-adress\" \/><\/span> <\/label>\n<\/p>\n<p><label> Telephone number*<br \/>\n<span class=\"wpcf7-form-control-wrap\" data-name=\"Telefonnummer\"><input size=\"40\" maxlength=\"400\" class=\"wpcf7-form-control wpcf7-tel wpcf7-validates-as-required wpcf7-text wpcf7-validates-as-tel\" aria-required=\"true\" aria-invalid=\"false\" value=\"\" type=\"tel\" name=\"Telefonnummer\" \/><\/span> <\/label>\n<\/p>\n<p><label> E-mail address*<br \/>\n<span class=\"wpcf7-form-control-wrap\" data-name=\"your-email\"><input size=\"40\" maxlength=\"400\" class=\"wpcf7-form-control wpcf7-email wpcf7-validates-as-required wpcf7-text wpcf7-validates-as-email\" aria-required=\"true\" aria-invalid=\"false\" value=\"\" type=\"email\" name=\"your-email\" \/><\/span> <\/label>\n<\/p>\n<p><label> Security question:* <small> - Please write out the colour!<\/small><br \/>\n<span class=\"wpcf7-form-control-wrap\" data-name=\"Quiz-780\"><label><span class=\"wpcf7-quiz-label\">The colour of the sky?<\/span> <input size=\"40\" class=\"wpcf7-form-control wpcf7-quiz\" autocomplete=\"off\" aria-required=\"true\" aria-invalid=\"false\" type=\"text\" name=\"Quiz-780\" \/><\/label><input type=\"hidden\" name=\"_wpcf7_quiz_answer_Quiz-780\" value=\"814f83cd8407b034c0341149f1445814\" \/><\/span><\/label>\n<\/p>\n<p><input class=\"wpcf7-form-control wpcf7-submit has-spinner\" type=\"submit\" value=\"Send\" \/>\n<\/p><div class=\"wpcf7-response-output\" aria-hidden=\"true\"><\/div>\n<input type=\"hidden\" name=\"trp-form-language\" value=\"en\"\/><\/form>\n<\/div>\n<\/div>\n<\/div><\/div><\/div>\n<\/div><\/div>\n<\/div><\/div><\/div>\n<\/div><\/div>\n\n\n\n<p><\/p>","protected":false},"excerpt":{"rendered":"<p>Geschenkgutscheine Verschenken Sie unvergessliche Momente im Hotel Sacher Baden mit unseren exklusiven Gutscheinen! Ob f\u00fcr eine luxuri\u00f6se \u00dcbernachtung, einen entspannten Themenbrunch oder eine besondere Veranstaltung &#8211; unsere Gutscheine sind das perfekte Geschenk f\u00fcr jeden Anlass. Erleben Sie die einzigartige Atmosph\u00e4re und den erstklassigen Service unseres Hauses und machen Sie Ihren Liebsten eine Freude. Kaufen Sie [&hellip;]<\/p>","protected":false},"author":4,"featured_media":0,"parent":0,"menu_order":0,"comment_status":"closed","ping_status":"closed","template":"","meta":{"_acf_changed":false,"footnotes":""},"class_list":["post-1745","page","type-page","status-publish","hentry"],"blocksy_meta":[],"acf":[],"_links":{"self":[{"href":"https:\/\/hotelsacherbaden.com\/en\/wp-json\/wp\/v2\/pages\/1745","targetHints":{"allow":["GET"]}}],"collection":[{"href":"https:\/\/hotelsacherbaden.com\/en\/wp-json\/wp\/v2\/pages"}],"about":[{"href":"https:\/\/hotelsacherbaden.com\/en\/wp-json\/wp\/v2\/types\/page"}],"author":[{"embeddable":true,"href":"https:\/\/hotelsacherbaden.com\/en\/wp-json\/wp\/v2\/users\/4"}],"replies":[{"embeddable":true,"href":"https:\/\/hotelsacherbaden.com\/en\/wp-json\/wp\/v2\/comments?post=1745"}],"version-history":[{"count":21,"href":"https:\/\/hotelsacherbaden.com\/en\/wp-json\/wp\/v2\/pages\/1745\/revisions"}],"predecessor-version":[{"id":2258,"href":"https:\/\/hotelsacherbaden.com\/en\/wp-json\/wp\/v2\/pages\/1745\/revisions\/2258"}],"wp:attachment":[{"href":"https:\/\/hotelsacherbaden.com\/en\/wp-json\/wp\/v2\/media?parent=1745"}],"curies":[{"name":"wp","href":"https:\/\/api.w.org\/{rel}","templated":true}]}}