{"id":1815,"date":"2024-05-15T20:32:13","date_gmt":"2024-05-15T18:32:13","guid":{"rendered":"https:\/\/hotelsacherbaden.com\/?page_id=1815"},"modified":"2024-05-25T15:42:56","modified_gmt":"2024-05-25T13:42:56","slug":"aktivitaeten","status":"publish","type":"page","link":"https:\/\/hotelsacherbaden.com\/en\/aktivitaeten\/","title":{"rendered":"Activities"},"content":{"rendered":"<div class=\"wp-block-stackable-columns alignfull stk-block-columns stk-block stk-1a9029b\" data-block-id=\"1a9029b\"><style>.stk-1a9029b{margin-bottom:0px !important}<\/style><div class=\"stk-row stk-inner-blocks stk-block-content stk-content-align stk-1a9029b-column alignfull\">\n<div class=\"wp-block-stackable-column stk-block-column stk-column stk-block stk-771f764\" data-v=\"4\" data-block-id=\"771f764\"><style>.stk-771f764{align-self:center !important}<\/style><div class=\"stk-column-wrapper stk-block-column__content stk-container stk-771f764-container stk--no-background stk--no-padding\"><div class=\"stk-block-content stk-inner-blocks stk-771f764-inner-blocks\">\n<div class=\"wp-block-stackable-columns aligncenter stk-block-columns stk-block stk-405078b\" data-block-id=\"405078b\"><div class=\"stk-row stk-inner-blocks stk-block-content stk-content-align stk-405078b-column\">\n<div class=\"wp-block-stackable-column stk-block-column stk-column stk-block stk-bf5f2d0\" data-v=\"4\" data-block-id=\"bf5f2d0\"><style>.stk-bf5f2d0{align-items:center !important;display:flex !important}<\/style><div class=\"stk-column-wrapper stk-block-column__content stk-container stk-bf5f2d0-container stk--no-background stk--no-padding\"><div class=\"stk-block-content stk-inner-blocks stk-bf5f2d0-inner-blocks\">\n<div class=\"wp-block-getwid-advanced-heading\" style=\"margin-bottom:0px;margin-top:0px\"><span class=\"wp-block-getwid-advanced-heading__content has-text-color has-palette-color-2-color\" style=\"text-align:center\"><strong>Our location<\/strong><\/span><\/div>\n\n\n\n<div class=\"wp-block-stackable-heading stk-block-heading stk-block-heading--v2 stk-block stk-0a75a25\" id=\"baden-bei-wien\" data-block-id=\"0a75a25\"><style>.stk-0a75a25 .stk-block-heading__text{font-size:3em !important;font-family:\"Great Vibes\",Sans-serif !important}@media screen and (max-width:999px){.stk-0a75a25 .stk-block-heading__text{font-size:3em !important}}<\/style><h2 class=\"stk-block-heading__text has-text-align-center\">Baden near Vienna<\/h2><\/div>\n\n\n\n<p><a href=\"http:\/\/www.wienerwald.info\/a-baden-bei-wien\" target=\"_blank\" rel=\"noreferrer noopener\">Baden<\/a>&nbsp;is a UNESCO-listed spa town and former imperial summer residence with many tourist highlights and excursion destinations: <a href=\"https:\/\/www.wienerwald.info\/ausflug\/a-beethovenhaus-haus-der-neunten\" target=\"_blank\" rel=\"noreferrer noopener\">Beethovenhaus<\/a>&nbsp;, <a href=\"https:\/\/www.wienerwald.info\/ausflug\/a-arnulf-rainer-museum\" target=\"_blank\" rel=\"noreferrer noopener\">Arnulf Rainer Museum<\/a>, <a href=\"https:\/\/www.wienerwald.info\/ausflug\/a-roemertherme-baden\" target=\"_blank\" rel=\"noreferrer noopener\">R\u00f6mertherme Baden<\/a>. <\/p>\n\n\n\n<p>The Hotel Sacher Baden, nestled in the picturesque landscape of Baden bei Wien, offers our guests a private retreat for relaxation and business events. Surrounded by castle ruins and the Vienna Woods, you will experience quality and cordiality in an atmosphere that invites you to relax.<\/p>\n\n\n\n<p><\/p>\n\n\n\n<p><\/p>\n<\/div><\/div><\/div>\n\n\n\n<div class=\"wp-block-stackable-column stk-block-column stk-column stk-block stk-9c99139\" data-v=\"4\" data-block-id=\"9c99139\"><style>.stk-9c99139{align-self:center !important}<\/style><div class=\"stk-column-wrapper stk-block-column__content stk-container stk-9c99139-container stk--no-background stk--no-padding\"><div class=\"stk-block-content stk-inner-blocks stk-9c99139-inner-blocks\">\n<div class=\"wp-block-stackable-image stk-block-image stk-block stk-ac04740\" data-block-id=\"ac04740\"><style>.stk-ac04740 .stk-img-wrapper{height:500px !important}<\/style><figure><span class=\"stk-img-wrapper stk-image--shape-stretch\"><img loading=\"lazy\" decoding=\"async\" class=\"stk-img wp-image-2135\" src=\"https:\/\/hotelsacherbaden.com\/wp-content\/uploads\/2024\/05\/Ansicht-aussen-4.png\" width=\"820\" height=\"466\" alt=\"Hotel Sacher Baden\" title=\"\" srcset=\"https:\/\/hotelsacherbaden.com\/wp-content\/uploads\/2024\/05\/Ansicht-aussen-4.png 820w, https:\/\/hotelsacherbaden.com\/wp-content\/uploads\/2024\/05\/Ansicht-aussen-4-300x170.png 300w, https:\/\/hotelsacherbaden.com\/wp-content\/uploads\/2024\/05\/Ansicht-aussen-4-768x436.png 768w, https:\/\/hotelsacherbaden.com\/wp-content\/uploads\/2024\/05\/Ansicht-aussen-4-18x10.png 18w\" sizes=\"auto, (max-width: 820px) 100vw, 820px\" \/><\/span><\/figure><\/div>\n<\/div><\/div><\/div>\n<\/div><\/div>\n\n\n\n<div class=\"wp-block-stackable-columns aligncenter stk-block-columns stk-block stk-f607150\" data-block-id=\"f607150\"><div class=\"stk-row stk-inner-blocks stk-block-content stk-content-align stk-f607150-column\">\n<div class=\"wp-block-stackable-column stk-block-column stk-column stk-block stk-4202cfb\" data-v=\"4\" data-block-id=\"4202cfb\"><style>.stk-4202cfb{align-self:center !important}<\/style><div class=\"stk-column-wrapper stk-block-column__content stk-container stk-4202cfb-container stk--no-background stk--no-padding\"><div class=\"stk-block-content stk-inner-blocks stk-4202cfb-inner-blocks\">\n<div class=\"wp-block-stackable-image stk-block-image stk-block stk-3f10bcb\" data-block-id=\"3f10bcb\"><style>.stk-3f10bcb .stk-img-wrapper{height:500px !important}<\/style><figure><span class=\"stk-img-wrapper stk-image--shape-stretch\"><img loading=\"lazy\" decoding=\"async\" class=\"stk-img wp-image-2228\" src=\"https:\/\/hotelsacherbaden.com\/wp-content\/uploads\/2024\/05\/KT_20240506_111.jpg\" width=\"1704\" height=\"1181\" alt=\"Hotel Sacher Baden\" title=\"\" srcset=\"https:\/\/hotelsacherbaden.com\/wp-content\/uploads\/2024\/05\/KT_20240506_111.jpg 1704w, https:\/\/hotelsacherbaden.com\/wp-content\/uploads\/2024\/05\/KT_20240506_111-300x208.jpg 300w, https:\/\/hotelsacherbaden.com\/wp-content\/uploads\/2024\/05\/KT_20240506_111-1024x710.jpg 1024w, https:\/\/hotelsacherbaden.com\/wp-content\/uploads\/2024\/05\/KT_20240506_111-768x532.jpg 768w, https:\/\/hotelsacherbaden.com\/wp-content\/uploads\/2024\/05\/KT_20240506_111-1536x1065.jpg 1536w, https:\/\/hotelsacherbaden.com\/wp-content\/uploads\/2024\/05\/KT_20240506_111-18x12.jpg 18w\" sizes=\"auto, (max-width: 1704px) 100vw, 1704px\" \/><\/span><\/figure><\/div>\n<\/div><\/div><\/div>\n\n\n\n<div class=\"wp-block-stackable-column stk-block-column stk-column stk-block stk-a6bd1a9\" data-v=\"4\" data-block-id=\"a6bd1a9\"><style>.stk-a6bd1a9{align-items:center !important;display:flex !important}<\/style><div class=\"stk-column-wrapper stk-block-column__content stk-container stk-a6bd1a9-container stk--no-background stk--no-padding\"><div class=\"stk-block-content stk-inner-blocks stk-a6bd1a9-inner-blocks\">\n<div class=\"wp-block-getwid-advanced-heading\" style=\"margin-bottom:0px;margin-top:0px\"><span class=\"wp-block-getwid-advanced-heading__content has-text-color has-palette-color-2-color\" style=\"text-align:center\"><strong>Our wide range of options<\/strong><\/span><\/div>\n\n\n\n<div class=\"wp-block-stackable-heading stk-block-heading stk-block-heading--v2 stk-block stk-1aaea93\" id=\"helenental\" data-block-id=\"1aaea93\"><style>.stk-1aaea93 .stk-block-heading__text{font-size:3em !important;font-family:\"Great Vibes\",Sans-serif !important}@media screen and (max-width:999px){.stk-1aaea93 .stk-block-heading__text{font-size:3em !important}}<\/style><h2 class=\"stk-block-heading__text has-text-align-center\">Helenental<\/h2><\/div>\n\n\n\n<p>The Helenental valley lies south of Vienna and connects three municipalities: <a href=\"https:\/\/www.wienerwald.info\/ort\/a-baden-bei-wien\" target=\"_blank\" rel=\"noreferrer noopener\">Baden<\/a>,&nbsp;<a href=\"https:\/\/www.wienerwald.info\/ort\/a-alland\" target=\"_blank\" rel=\"noreferrer noopener\">Alland<\/a>&nbsp;und&nbsp;<a href=\"https:\/\/www.wienerwald.info\/ort\/a-heiligenkreuz\" target=\"_blank\" rel=\"noreferrer noopener\">Heiligenkreuz<\/a>. The two castle ruins of Rauhenstein and Rauheneck form the entrance.<\/p>\n\n\n\n<p><strong><span style=\"color: var(--theme-palette-color-1, #DCA720);\" class=\"stk-highlight\">Hiking<\/span><\/strong>: The wild and romantic landscape invites you to go hiking. The hiking trails were newly signposted in 2021, creating a large network of paths. Directly from the car park of the\u00a0<a href=\"https:\/\/www.wienerwald.info\/online-suchen-buchen\/a-hotel-sacher-baden-1\" target=\"_blank\" rel=\"noreferrer noopener\">Hotel Sachers<\/a>\u00a0in Baden aus f\u00fchrt ein sch\u00f6ner Wanderweg zur Burg Rauhenstein.<\/p>\n\n\n\n<p><strong><span style=\"color: var(--theme-palette-color-1, #DCA720);\" class=\"stk-highlight\">Cycling:<\/span><\/strong> The Helenental valley is perfect for exploring by bike. Extensive cycle paths with varying degrees of difficulty make cyclists' hearts beat faster.<\/p>\n\n\n\n<p><\/p>\n\n\n\n<p><\/p>\n<\/div><\/div><\/div>\n<\/div><\/div>\n<\/div><\/div><\/div>\n<\/div><\/div>\n\n\n\n<div class=\"wp-block-stackable-columns alignfull stk-block-columns stk-block stk-8a5c8fd\" data-block-id=\"8a5c8fd\"><style>.stk-8a5c8fd{margin-bottom:0px !important}<\/style><div class=\"stk-row stk-inner-blocks stk-block-content stk-content-align stk-8a5c8fd-column alignfull\">\n<div class=\"wp-block-stackable-column stk-block-column stk-column stk-block stk-836e6f2\" data-v=\"4\" data-block-id=\"836e6f2\"><style>.stk-836e6f2{align-self:center !important}<\/style><div class=\"stk-column-wrapper stk-block-column__content stk-container stk-836e6f2-container stk--no-background stk--no-padding\"><div class=\"stk-block-content stk-inner-blocks stk-836e6f2-inner-blocks\">\n<div class=\"wp-block-stackable-columns aligncenter stk-block-columns stk-block stk-879cefb\" data-block-id=\"879cefb\"><div class=\"stk-row stk-inner-blocks stk-block-content stk-content-align stk-879cefb-column\">\n<div class=\"wp-block-stackable-column stk-block-column stk-column stk-block stk-3bc648f\" data-v=\"4\" data-block-id=\"3bc648f\"><style>.stk-3bc648f{align-items:center !important;display:flex !important}<\/style><div class=\"stk-column-wrapper stk-block-column__content stk-container stk-3bc648f-container stk--no-background stk--no-padding\"><div class=\"stk-block-content stk-inner-blocks stk-3bc648f-inner-blocks\">\n<div class=\"wp-block-getwid-advanced-heading\" style=\"margin-bottom:0px;margin-top:0px\"><span class=\"wp-block-getwid-advanced-heading__content has-text-color has-palette-color-2-color\" style=\"text-align:center\"><strong>VIENNA - Very close<\/strong><\/span><\/div>\n\n\n\n<div class=\"wp-block-stackable-heading stk-block-heading stk-block-heading--v2 stk-block stk-e7adf37\" id=\"katzensprung-zum-stephansdom\" data-block-id=\"e7adf37\"><style>.stk-e7adf37 .stk-block-heading__text{font-size:3em !important;font-family:\"Great Vibes\",Sans-serif !important}@media screen and (max-width:999px){.stk-e7adf37 .stk-block-heading__text{font-size:3em !important}}<\/style><h2 class=\"stk-block-heading__text has-text-align-center\">Short walk to St. Stephen&#039;s Cathedral<\/h2><\/div>\n\n\n\n<p>Would you like to experience Vienna without having to book a hotel in the big city? Our four-star hotel offers you the ideal solution. We are just a short drive from the center of Vienna. Even if you are traveling by train, you can take the Badner train directly to the Vienna State Opera without having to change trains once.<\/p>\n\n\n\n<p>Whether you're sightseeing, visiting a trade fair or attending a congress in Vienna - you can enjoy and relax in the countryside in Baden. <\/p>\n\n\n\n<p><\/p>\n<\/div><\/div><\/div>\n\n\n\n<div class=\"wp-block-stackable-column stk-block-column stk-column stk-block stk-2d6a913\" data-v=\"4\" data-block-id=\"2d6a913\"><style>.stk-2d6a913{align-self:center !important}<\/style><div class=\"stk-column-wrapper stk-block-column__content stk-container stk-2d6a913-container stk--no-background stk--no-padding\"><div class=\"stk-block-content stk-inner-blocks stk-2d6a913-inner-blocks\">\n<div class=\"wp-block-stackable-image stk-block-image stk-block stk-5f9c14b\" data-block-id=\"5f9c14b\"><style>.stk-5f9c14b .stk-img-wrapper{height:500px !important}<\/style><figure><span class=\"stk-img-wrapper stk-image--shape-stretch\"><img loading=\"lazy\" decoding=\"async\" class=\"stk-img wp-image-1972\" src=\"https:\/\/hotelsacherbaden.com\/wp-content\/uploads\/2024\/05\/Stephansdom-Wien_EM80-pixabay.jpg\" width=\"1280\" height=\"997\" alt=\"Hotel Sacher Baden\" title=\"\" srcset=\"https:\/\/hotelsacherbaden.com\/wp-content\/uploads\/2024\/05\/Stephansdom-Wien_EM80-pixabay.jpg 1280w, https:\/\/hotelsacherbaden.com\/wp-content\/uploads\/2024\/05\/Stephansdom-Wien_EM80-pixabay-300x234.jpg 300w, https:\/\/hotelsacherbaden.com\/wp-content\/uploads\/2024\/05\/Stephansdom-Wien_EM80-pixabay-1024x798.jpg 1024w, https:\/\/hotelsacherbaden.com\/wp-content\/uploads\/2024\/05\/Stephansdom-Wien_EM80-pixabay-768x598.jpg 768w, https:\/\/hotelsacherbaden.com\/wp-content\/uploads\/2024\/05\/Stephansdom-Wien_EM80-pixabay-15x12.jpg 15w\" sizes=\"auto, (max-width: 1280px) 100vw, 1280px\" \/><\/span><\/figure><\/div>\n<\/div><\/div><\/div>\n<\/div><\/div>\n<\/div><\/div><\/div>\n<\/div><\/div>","protected":false},"excerpt":{"rendered":"<p>Baden bei Wien Baden&nbsp;ist von der UNESCO ausgezeichnete Kurstadt und einstige kaiserliche Sommerresidenz&nbsp;mit vielen touristischen Highlights und Ausflugszielen: Beethovenhaus&nbsp;, Arnulf Rainer Museum, R\u00f6mertherme Baden. Dass Hotel Sacher Baden, eingebettet in die malerische Landschaft von Baden bei Wien, bietet unseren G\u00e4sten ein privates Refugium f\u00fcr Erholung und gesch\u00e4ftliche Anl\u00e4sse. Umgeben von Burgruinen und dem Wienerwald erleben [&hellip;]<\/p>","protected":false},"author":4,"featured_media":0,"parent":0,"menu_order":0,"comment_status":"closed","ping_status":"closed","template":"","meta":{"_acf_changed":false,"footnotes":""},"class_list":["post-1815","page","type-page","status-publish","hentry"],"blocksy_meta":[],"acf":[],"_links":{"self":[{"href":"https:\/\/hotelsacherbaden.com\/en\/wp-json\/wp\/v2\/pages\/1815","targetHints":{"allow":["GET"]}}],"collection":[{"href":"https:\/\/hotelsacherbaden.com\/en\/wp-json\/wp\/v2\/pages"}],"about":[{"href":"https:\/\/hotelsacherbaden.com\/en\/wp-json\/wp\/v2\/types\/page"}],"author":[{"embeddable":true,"href":"https:\/\/hotelsacherbaden.com\/en\/wp-json\/wp\/v2\/users\/4"}],"replies":[{"embeddable":true,"href":"https:\/\/hotelsacherbaden.com\/en\/wp-json\/wp\/v2\/comments?post=1815"}],"version-history":[{"count":28,"href":"https:\/\/hotelsacherbaden.com\/en\/wp-json\/wp\/v2\/pages\/1815\/revisions"}],"predecessor-version":[{"id":2230,"href":"https:\/\/hotelsacherbaden.com\/en\/wp-json\/wp\/v2\/pages\/1815\/revisions\/2230"}],"wp:attachment":[{"href":"https:\/\/hotelsacherbaden.com\/en\/wp-json\/wp\/v2\/media?parent=1815"}],"curies":[{"name":"wp","href":"https:\/\/api.w.org\/{rel}","templated":true}]}}