{"id":1907,"date":"2024-05-21T15:55:06","date_gmt":"2024-05-21T13:55:06","guid":{"rendered":"https:\/\/hotelsacherbaden.com\/?page_id=1907"},"modified":"2024-05-29T17:31:11","modified_gmt":"2024-05-29T15:31:11","slug":"ueber-uns","status":"publish","type":"page","link":"https:\/\/hotelsacherbaden.com\/en\/ueber-uns\/","title":{"rendered":"About us"},"content":{"rendered":"<div class=\"wp-block-stackable-columns alignfull stk-block-columns stk-block stk-e6cab54\" data-block-id=\"e6cab54\"><style>.stk-e6cab54{margin-bottom:30px !important}<\/style><div class=\"stk-row stk-inner-blocks stk-block-content stk-content-align stk-e6cab54-column alignfull\">\n<div class=\"wp-block-stackable-column stk-block-column stk-column stk-block stk-0446234\" data-v=\"4\" data-block-id=\"0446234\"><div class=\"stk-column-wrapper stk-block-column__content stk-container stk-0446234-container stk--no-background stk--no-padding\"><div class=\"stk-block-content stk-inner-blocks stk-0446234-inner-blocks\">\n<div class=\"wp-block-stackable-columns alignfull stk-block-columns stk-block stk-0792cf4\" data-block-id=\"0792cf4\"><div class=\"stk-row stk-inner-blocks stk-block-content stk-content-align stk-0792cf4-column\">\n<div class=\"wp-block-stackable-column stk-block-column stk-column stk-block stk-16c2a46\" data-v=\"4\" data-block-id=\"16c2a46\"><style>.stk-16c2a46{align-items:center !important;display:flex !important}<\/style><div class=\"stk-column-wrapper stk-block-column__content stk-container stk-16c2a46-container stk--no-background stk--no-padding\"><div class=\"stk-block-content stk-inner-blocks stk-16c2a46-inner-blocks\">\n<div class=\"wp-block-getwid-advanced-heading\" style=\"margin-bottom:0px;margin-top:0px\"><span class=\"wp-block-getwid-advanced-heading__content has-text-color has-palette-color-2-color\" style=\"text-align:center\"><strong>Discover<\/strong><\/span><\/div>\n\n\n\n<div class=\"wp-block-stackable-heading stk-block-heading stk-block-heading--v2 stk-block stk-7884c93\" id=\"strong-strong-das-hotel-sacher-baden-strong-strong\" data-block-id=\"7884c93\"><style>.stk-7884c93 .stk-block-heading__text{font-size:3em !important;font-family:\"Great Vibes\",Sans-serif !important}@media screen and (max-width:999px){.stk-7884c93 .stk-block-heading__text{font-size:3em !important}}<\/style><h2 class=\"stk-block-heading__text has-text-align-center\"><strong><strong>The Hotel Sacher Baden<\/strong><\/strong><\/h2><\/div>\n\n\n\n<div class=\"wp-block-stackable-text stk-block-text stk-block stk-e5f46b2\" data-block-id=\"e5f46b2\"><style>.stk-e5f46b2{padding-right:30px !important;padding-left:30px !important;margin-bottom:6px !important}.stk-e5f46b2 .stk-block-text__text{color:#ffffff !important}<\/style><p class=\"stk-block-text__text has-text-color has-text-align-center\"><span style=\"color: #000000;\" class=\"stk-highlight\">Herzlich willkommen im Hotel Sacher Baden, einem Familienunternehmen, das stolz die Verbindung von traditionellem, historischem Charme mit modernem Komfort pflegt. Unser unverwechselbares Ambiente, eingebettet in die malerische Kulisse der \u00f6sterreichischen Kurstadt Baden, l\u00e4dt Sie ein zu einem Wohlf\u00fchlort der Ruhe und Regeneration. Unser Ziel ist es, Ihnen einen unvergesslichen Aufenthalt zu bieten, der gepr\u00e4gt ist von herzlicher Gastfreundschaft und erstklassigem Service. Wir sind auch bem\u00fcht, uns kontinuierlich weiterzuentwickeln und sind aktuell in der Planungsphase f\u00fcr unseren neuen erweiterten Schwerpunkt: Detox. Wir freuen uns darauf, Sie bei uns willkommen zu hei\u00dfen und Ihnen eine unvergessliche Zeit zu bereiten. <\/span><\/p><\/div>\n\n\n\n<div class=\"wp-block-stackable-text stk-block-text stk-block stk-71b2a34\" data-block-id=\"71b2a34\"><style>.stk-71b2a34{margin-bottom:0px !important}<\/style><p class=\"stk-block-text__text has-text-align-center\">Our motto: Stylish, exclusive and cordial!<\/p><\/div>\n\n\n\n<div class=\"wp-block-stackable-text stk-block-text stk-block stk-99afde6\" data-block-id=\"99afde6\"><p class=\"stk-block-text__text has-text-align-center\">Your Kahlbacher family<\/p><\/div>\n<\/div><\/div><\/div>\n\n\n\n<div class=\"wp-block-stackable-column stk-block-column stk-column stk-block stk-3324dbd\" data-v=\"4\" data-block-id=\"3324dbd\"><style>.stk-3324dbd{align-self:center !important}<\/style><div class=\"stk-column-wrapper stk-block-column__content stk-container stk-3324dbd-container stk--no-background stk--no-padding\"><div class=\"stk-block-content stk-inner-blocks stk-3324dbd-inner-blocks\">\n<div class=\"wp-block-stackable-image stk-block-image has-text-align-center stk-block stk-7466b46\" data-block-id=\"7466b46\"><style>.stk-7466b46{align-items:center !important;display:flex !important}.stk-7466b46 .stk-img-wrapper{width:100% !important}<\/style><figure><span class=\"stk-img-wrapper stk-image--shape-stretch\"><img loading=\"lazy\" decoding=\"async\" class=\"stk-img wp-image-1865\" src=\"https:\/\/hotelsacherbaden.com\/wp-content\/uploads\/2024\/05\/KT_202403011_099_2.jpg\" width=\"1181\" height=\"1017\" alt=\"Hotel Sacher Baden\" title=\"\" srcset=\"https:\/\/hotelsacherbaden.com\/wp-content\/uploads\/2024\/05\/KT_202403011_099_2.jpg 1181w, https:\/\/hotelsacherbaden.com\/wp-content\/uploads\/2024\/05\/KT_202403011_099_2-300x258.jpg 300w, https:\/\/hotelsacherbaden.com\/wp-content\/uploads\/2024\/05\/KT_202403011_099_2-1024x882.jpg 1024w, https:\/\/hotelsacherbaden.com\/wp-content\/uploads\/2024\/05\/KT_202403011_099_2-768x661.jpg 768w, https:\/\/hotelsacherbaden.com\/wp-content\/uploads\/2024\/05\/KT_202403011_099_2-14x12.jpg 14w\" sizes=\"auto, (max-width: 1181px) 100vw, 1181px\" \/><\/span><\/figure><\/div>\n<\/div><\/div><\/div>\n<\/div><\/div>\n<\/div><\/div><\/div>\n<\/div><\/div>\n\n\n\n<div class=\"wp-block-stackable-columns alignfull stk-block-columns stk-block stk-b971f1c\" data-block-id=\"b971f1c\"><style>.stk-b971f1c{margin-bottom:0px !important}<\/style><div class=\"stk-row stk-inner-blocks stk-block-content stk-content-align stk-b971f1c-column alignfull\">\n<div class=\"wp-block-stackable-column stk-block-column stk-column stk-block stk-70e8b78\" data-v=\"4\" data-block-id=\"70e8b78\"><div class=\"stk-column-wrapper stk-block-column__content stk-container stk-70e8b78-container stk--no-background stk--no-padding\"><div class=\"stk-block-content stk-inner-blocks stk-70e8b78-inner-blocks\">\n<div class=\"wp-block-stackable-columns aligncenter stk-block-columns stk-block stk-365ac5a\" data-block-id=\"365ac5a\"><style>.stk-365ac5a-column{--stk-column-gap:30px !important}<\/style><div class=\"stk-row stk-inner-blocks stk-block-content stk-content-align stk-365ac5a-column\">\n<div class=\"wp-block-stackable-column stk-block-column stk-column stk-block stk-0247b35\" data-v=\"4\" data-block-id=\"0247b35\"><style>.stk-0247b35{align-self:flex-start !important;align-items:center !important;display:flex !important}<\/style><div class=\"stk-column-wrapper stk-block-column__content stk-container stk-0247b35-container stk--no-background stk--no-padding\"><div class=\"stk-block-content stk-inner-blocks stk-0247b35-inner-blocks\">\n<div class=\"wp-block-getwid-advanced-heading\" style=\"margin-bottom:0px;margin-top:0px\"><span class=\"wp-block-getwid-advanced-heading__content has-text-color has-palette-color-2-color\" style=\"text-align:center\"><strong>The young Sacher Baden Team<\/strong><\/span><\/div>\n\n\n\n<div class=\"wp-block-stackable-heading stk-block-heading stk-block-heading--v2 stk-block stk-800ac3f\" id=\"unsere-philosophie\" data-block-id=\"800ac3f\"><style>.stk-800ac3f .stk-block-heading__text{font-size:3em !important;font-family:\"Great Vibes\",Sans-serif !important}@media screen and (max-width:999px){.stk-800ac3f .stk-block-heading__text{font-size:3em !important}}<\/style><h2 class=\"stk-block-heading__text has-text-align-center\">Our Philosophy<\/h2><\/div>\n\n\n\n<p>The historic \u2018Sacher Baden\u2019 has been a generational house of the Carl Sacher family since 1881. A traditional, unmistakable ambience that creates space for long-lasting enjoyment. Our philosophy is based on the combination of nature, sustainability and relaxation. We are proud to be located on the edge of the Vienna Woods, a picturesque setting that promises peace and relaxation. Our philosophy is to be not just a hotel but a lifestyle, just as the \u2018Carl Sacher\u2019 family lived in Baden. Stylish, exclusive and warm! We attach great importance to a special willingness to provide service so that you can enjoy yourself.<\/p>\n\n\n\n<div class=\"wp-block-stackable-text stk-block-text stk-block stk-3b6f360\" data-block-id=\"3b6f360\"><p class=\"stk-block-text__text has-text-align-center\"> <\/p><\/div>\n<\/div><\/div><\/div>\n\n\n\n<div class=\"wp-block-stackable-column stk-block-column stk-column stk-block stk-d0ecf4f\" data-v=\"4\" data-block-id=\"d0ecf4f\"><style>.stk-d0ecf4f{align-items:center !important;display:flex !important}<\/style><div class=\"stk-column-wrapper stk-block-column__content stk-container stk-d0ecf4f-container stk--no-background stk--no-padding\"><div class=\"has-text-align-right stk-block-content stk-inner-blocks stk-d0ecf4f-inner-blocks\">\n<div class=\"wp-block-getwid-advanced-heading\" style=\"margin-bottom:0px;margin-top:0px\"><span class=\"wp-block-getwid-advanced-heading__content has-text-color has-palette-color-2-color\" style=\"text-align:center\"><strong>Worth knowing &amp; important<\/strong><\/span><\/div>\n\n\n\n<div class=\"wp-block-stackable-heading stk-block-heading stk-block-heading--v2 stk-block stk-f64278d\" id=\"unsere-werte\" data-block-id=\"f64278d\"><style>.stk-f64278d .stk-block-heading__text{font-size:3em !important;font-family:\"Great Vibes\",Sans-serif !important}@media screen and (max-width:999px){.stk-f64278d .stk-block-heading__text{font-size:3em !important}}<\/style><h2 class=\"stk-block-heading__text has-text-align-center\">Our Values<\/h2><\/div>\n\n\n\n<div class=\"wp-block-stackable-icon-list stk-block-icon-list has-text-align-left stk-block stk-c07c828\" data-block-id=\"c07c828\"><style>.stk-c07c828 .stk-block-icon-list-item__content{gap:4px !important;align-items:baseline !important}.stk-c07c828{--stk-icon-list-marker-color:var(u002du002dtheme-palette-color-1,#DCA720) !important;--stk-icon-height:15.5px !important}.stk-c07c828 .stk-block-icon-list__group{margin-inline:0 auto !important}<\/style><svg style=\"display:none\"><defs><g id=\"stk-icon-list__icon-svg-def-c07c828\">u003csvg aria-hidden=u0022trueu0022 focusable=u0022falseu0022 data-prefix=u0022fasu0022 data-icon=u0022checku0022 class=u0022svg-inlineu002du002dfa fa-check fa-w-16u0022 role=u0022imgu0022 xmlns=u0022http:\/\/www.w3.org\/2000\/svgu0022 viewBox=u00220 0 512 512u0022u003eu003cpath fill=u0022currentColoru0022 d=u0022M173.898 439.404l-166.4-166.4c-9.997-9.997-9.997-26.206 0-36.204l36.203-36.204c9.997-9.998 26.207-9.998 36.204 0L192 312.69 432.095 72.596c9.997-9.997 26.207-9.997 36.204 0l36.203 36.204c9.997 9.997 9.997 26.206 0 36.204l-294.4 294.401c-9.998 9.997-26.207 9.997-36.204-.001zu0022u003eu003c\/pathu003eu003c\/svgu003e<\/g><\/defs><\/svg><div class=\"stk-block-icon-list__ul stk-block-icon-list--column\"><ul class=\"stk-block-icon-list__group\">\n<li class=\"wp-block-stackable-icon-list-item stk-block-icon-list-item stk-block stk-2863fd9\" data-block-id=\"2863fd9\"><div class=\"stk-block-icon-list-item__content\"><span class=\"stk--svg-wrapper\"><div class=\"stk--inner-svg\"><svg aria-hidden=\"true\" width=\"32\" height=\"32\"><use xlink:href=\"#stk-icon-list__icon-svg-def-c07c828\"><\/use><\/svg><\/div><\/span><span class=\"stk-block-icon-list-item__text\">At Hotel Sacher Baden, our values are at the centre of everything we do. We attach great importance to tradition, excellence and hospitality in order to offer our guests an unforgettable experience. We prioritise relaxation and recreation. Experience moments of peace and renewal and discover leisure activities in nature and our lively bar culture. Feel our hospitality and culinary diversity.<br>Our international team ensures a pleasant atmosphere. We treat our environment with care. We strive for excellence in everything we do.<br>We support local suppliers and offer fresh, high-quality food. We provide a stage for local artists and events to celebrate the rich culture of Baden.<\/span><\/div><\/li>\n\n\n\n<li class=\"wp-block-stackable-icon-list-item stk-block-icon-list-item stk-block stk-90c1518\" data-block-id=\"90c1518\"><div class=\"stk-block-icon-list-item__content\"><span class=\"stk--svg-wrapper\"><div class=\"stk--inner-svg\"><svg aria-hidden=\"true\" width=\"32\" height=\"32\"><use xlink:href=\"#stk-icon-list__icon-svg-def-c07c828\"><\/use><\/svg><\/div><\/span><span class=\"stk-block-icon-list-item__text\"><\/span><\/div><\/li>\n<\/ul><\/div><\/div>\n<\/div><\/div><\/div>\n\n\n\n<div class=\"wp-block-stackable-column stk-block-column stk-column stk-block stk-5488b58\" data-v=\"4\" data-block-id=\"5488b58\"><style>.stk-5488b58{align-self:flex-start !important;align-items:center !important;display:flex !important}<\/style><div class=\"stk-column-wrapper stk-block-column__content stk-container stk-5488b58-container stk--no-background stk--no-padding\"><div class=\"stk-block-content stk-inner-blocks stk-5488b58-inner-blocks\">\n<div class=\"wp-block-getwid-advanced-heading\" style=\"margin-bottom:0px;margin-top:0px\"><span class=\"wp-block-getwid-advanced-heading__content has-text-color has-palette-color-2-color\" style=\"text-align:center\"><strong>Well-being and nature<\/strong><\/span><\/div>\n\n\n\n<div class=\"wp-block-stackable-heading stk-block-heading stk-block-heading--v2 stk-block stk-85ef88e\" id=\"unsere-mission\" data-block-id=\"85ef88e\"><style>.stk-85ef88e .stk-block-heading__text{font-size:3em !important;font-family:\"Great Vibes\",Sans-serif !important}@media screen and (max-width:999px){.stk-85ef88e .stk-block-heading__text{font-size:3em !important}}<\/style><h2 class=\"stk-block-heading__text has-text-align-center\">Our Mission<\/h2><\/div>\n\n\n\n<div class=\"wp-block-stackable-text stk-block-text stk-block stk-244eb11\" data-block-id=\"244eb11\"><p class=\"stk-block-text__text has-text-align-left\">Our aim is to give our guests a break from everyday life and to spoil them with moments of pleasure. Welcome to our hotel, where you can experience the beauty of nature and feel completely at ease. We firmly believe in well-being, which is promoted by the natural environment and relaxing activities. We offer our guests an oasis of peace and relaxation, supported by the natural beauty and tranquillity of the Vienna Woods. At our hotel you will find a variety of ways to relax and rejuvenate - from wellness programmes to outdoor activities. Our commitment is to the holistic well-being of our guests, accompanied by first-class service and an environment that invites relaxation.<\/p><\/div>\n<\/div><\/div><\/div>\n<\/div><\/div>\n<\/div><\/div><\/div>\n<\/div><\/div>\n\n\n\n<div class=\"wp-block-stackable-columns alignfull stk-block-columns stk-block stk-59ad8fc\" data-block-id=\"59ad8fc\"><style>.stk-59ad8fc{margin-bottom:0px !important}<\/style><div class=\"stk-row stk-inner-blocks stk-block-content stk-content-align stk-59ad8fc-column alignfull\">\n<div class=\"wp-block-stackable-column stk-block-column stk-column stk-block stk-7d4abd0\" data-v=\"4\" data-block-id=\"7d4abd0\"><div class=\"stk-column-wrapper stk-block-column__content stk-container stk-7d4abd0-container stk--no-background stk--no-padding\"><div class=\"stk-block-content stk-inner-blocks stk-7d4abd0-inner-blocks\">\n<div class=\"wp-block-stackable-columns aligncenter stk-block-columns stk-block stk-c213bfa\" data-block-id=\"c213bfa\"><div class=\"stk-row stk-inner-blocks stk-block-content stk-content-align stk-c213bfa-column\">\n<div class=\"wp-block-stackable-column stk-block-column stk-column stk-block stk-e741982\" data-v=\"4\" data-block-id=\"e741982\"><style>.stk-e741982{align-self:center !important}<\/style><div class=\"stk-column-wrapper stk-block-column__content stk-container stk-e741982-container stk--no-background stk--no-padding\"><div class=\"stk-block-content stk-inner-blocks stk-e741982-inner-blocks\"><\/div><\/div><\/div>\n<\/div><\/div>\n<\/div><\/div><\/div>\n<\/div><\/div>","protected":false},"excerpt":{"rendered":"<p>Das Hotel Sacher Baden Herzlich willkommen im Hotel Sacher Baden, einem Familienunternehmen, das stolz die Verbindung von traditionellem, historischem Charme mit modernem Komfort pflegt. Unser unverwechselbares Ambiente, eingebettet in die malerische Kulisse der \u00f6sterreichischen Kurstadt Baden, l\u00e4dt Sie ein zu einem Wohlf\u00fchlort der Ruhe und Regeneration. Unser Ziel ist es, Ihnen einen unvergesslichen Aufenthalt zu [&hellip;]<\/p>","protected":false},"author":4,"featured_media":0,"parent":0,"menu_order":0,"comment_status":"closed","ping_status":"closed","template":"","meta":{"_acf_changed":false,"footnotes":""},"class_list":["post-1907","page","type-page","status-publish","hentry"],"blocksy_meta":[],"acf":[],"_links":{"self":[{"href":"https:\/\/hotelsacherbaden.com\/en\/wp-json\/wp\/v2\/pages\/1907","targetHints":{"allow":["GET"]}}],"collection":[{"href":"https:\/\/hotelsacherbaden.com\/en\/wp-json\/wp\/v2\/pages"}],"about":[{"href":"https:\/\/hotelsacherbaden.com\/en\/wp-json\/wp\/v2\/types\/page"}],"author":[{"embeddable":true,"href":"https:\/\/hotelsacherbaden.com\/en\/wp-json\/wp\/v2\/users\/4"}],"replies":[{"embeddable":true,"href":"https:\/\/hotelsacherbaden.com\/en\/wp-json\/wp\/v2\/comments?post=1907"}],"version-history":[{"count":11,"href":"https:\/\/hotelsacherbaden.com\/en\/wp-json\/wp\/v2\/pages\/1907\/revisions"}],"predecessor-version":[{"id":2256,"href":"https:\/\/hotelsacherbaden.com\/en\/wp-json\/wp\/v2\/pages\/1907\/revisions\/2256"}],"wp:attachment":[{"href":"https:\/\/hotelsacherbaden.com\/en\/wp-json\/wp\/v2\/media?parent=1907"}],"curies":[{"name":"wp","href":"https:\/\/api.w.org\/{rel}","templated":true}]}}