{"id":2081,"date":"2024-05-24T08:25:14","date_gmt":"2024-05-24T06:25:14","guid":{"rendered":"https:\/\/hotelsacherbaden.com\/?page_id=2081"},"modified":"2025-02-07T19:27:33","modified_gmt":"2025-02-07T18:27:33","slug":"inklusivleistungen","status":"publish","type":"page","link":"https:\/\/hotelsacherbaden.com\/en\/inklusivleistungen\/","title":{"rendered":"Inclusive services"},"content":{"rendered":"<div class=\"wp-block-stackable-columns alignfull stk-block-columns stk-block stk-b50a99f stk-block-background\" data-block-id=\"b50a99f\"><style>.stk-b50a99f {background-color:var(--theme-palette-color-6, #f7f7f2) !important;padding-top:40px !important;padding-bottom:40px !important;margin-bottom:0px !important;}.stk-b50a99f:before{background-color:var(--theme-palette-color-6, #f7f7f2) !important;}<\/style><div class=\"stk-row stk-inner-blocks stk-block-content stk-content-align stk-b50a99f-column\">\n<div class=\"wp-block-stackable-column stk-block-column stk-column stk-block stk-16ce3f6\" data-v=\"4\" data-block-id=\"16ce3f6\"><style>.stk-16ce3f6 {align-self:center !important;}<\/style><div class=\"stk-column-wrapper stk-block-column__content stk-container stk-16ce3f6-container stk--no-background stk--no-padding\"><div class=\"stk-block-content stk-inner-blocks stk-16ce3f6-inner-blocks\">\n<p>As a guest at the Hotel Sacher Baden, you can expect not only cosiness, a high level of comfort and a wonderful ambience, but also the warm acquaintance of many friendly people. In addition, you can look forward to a variety of other amenities that will make your stay with us something special. Our inclusive services are extremely varied and cover various areas that will make your stay with us even more enjoyable.<\/p>\n<\/div><\/div><\/div>\n<\/div><\/div>\n\n\n\n<div class=\"wp-block-stackable-columns alignfull stk-block-columns stk-block stk-b170f1d\" data-block-id=\"b170f1d\"><style>.stk-b170f1d {padding-top:20px !important;}<\/style><div class=\"stk-row stk-inner-blocks stk-block-content stk-content-align stk-b170f1d-column\">\n<div class=\"wp-block-stackable-column stk-block-column stk-column stk-block stk-b3ee137\" data-v=\"4\" data-block-id=\"b3ee137\"><style>.stk-b3ee137 {align-items:center !important;display:flex !important;}<\/style><div class=\"stk-column-wrapper stk-block-column__content stk-container stk-b3ee137-container stk--no-background stk--no-padding\"><div class=\"stk-block-content stk-inner-blocks stk-b3ee137-inner-blocks\">\n<div class=\"wp-block-getwid-advanced-heading\" style=\"margin-bottom:0px;margin-top:0px\"><span class=\"wp-block-getwid-advanced-heading__content has-text-color has-palette-color-2-color\" style=\"text-align:center\"><strong>This is included in your stay at our hotel <\/strong><\/span><\/div>\n\n\n\n<div class=\"wp-block-stackable-heading stk-block-heading stk-block-heading--v2 stk-block stk-ec0d425\" id=\"top-leistungen\" data-block-id=\"ec0d425\"><style>.stk-ec0d425 {margin-bottom:0px !important;}.stk-ec0d425 .stk-block-heading__text{font-size:3em !important;font-family:\"Great Vibes\", Sans-serif !important;}@media screen and (max-width:999px){.stk-ec0d425 .stk-block-heading__text{font-size:3em !important;}}<\/style><h2 class=\"stk-block-heading__text has-text-align-center\">Top services<\/h2><\/div>\n\n\n\n<div class=\"wp-block-stackable-icon-list stk-block-icon-list stk-block stk-5e889fe\" data-block-id=\"5e889fe\"><svg style=\"display:none\"><defs><g id=\"stk-icon-list__icon-svg-def-5e889fe\"><svg aria-hidden=\"true\" focusable=\"false\" data-prefix=\"fas\" data-icon=\"check\" class=\"ugb-custom-icon svg-inline--fa fa-check fa-w-16\" role=\"img\" xmlns=\"http:\/\/www.w3.org\/2000\/svg\" viewbox=\"0 0 512 512\" style=\"fill: #f6bd2d !important; color: #f6bd2d !important;transform: rotate(deg) !important;\"><path fill=\"#f6bd2d\" d=\"M173.898 439.404l-166.4-166.4c-9.997-9.997-9.997-26.206 0-36.204l36.203-36.204c9.997-9.998 26.207-9.998 36.204 0L192 312.69 432.095 72.596c9.997-9.997 26.207-9.997 36.204 0l36.203 36.204c9.997 9.997 9.997 26.206 0 36.204l-294.4 294.401c-9.998 9.997-26.207 9.997-36.204-.001z\" stroke=\"#f6bd2d\" style=\"fill: rgb(246, 189, 45); stroke: rgb(246, 189, 45);\"\/><\/svg><\/g><\/defs><\/svg><ul class=\"stk-block-icon-list__ul stk-block-icon-list--column\">\n<li class=\"wp-block-stackable-icon-list-item stk-block-icon-list-item stk-block stk-2bab880\" data-block-id=\"2bab880\"><div class=\"stk-block-icon-list-item__content\"><span class=\"stk--svg-wrapper\"><div class=\"stk--inner-svg\"><svg aria-hidden=\"true\" width=\"32\" height=\"32\"><use xlink:href=\"#stk-icon-list__icon-svg-def-5e889fe\"><\/use><\/svg><\/div><\/span><span class=\"stk-block-icon-list-item__text\">Sacher Breakfast with unlimited coffee until 11 o'clock a.m. \/ 12 o'clock p.m.<\/span><\/div><\/li>\n\n\n\n<li class=\"wp-block-stackable-icon-list-item stk-block-icon-list-item stk-block stk-ee97580\" data-block-id=\"ee97580\"><div class=\"stk-block-icon-list-item__content\"><span class=\"stk--svg-wrapper\"><div class=\"stk--inner-svg\"><svg aria-hidden=\"true\" width=\"32\" height=\"32\"><use xlink:href=\"#stk-icon-list__icon-svg-def-5e889fe\"><\/use><\/svg><\/div><\/span><span class=\"stk-block-icon-list-item__text\">Relaxation area<\/span><\/div><\/li>\n\n\n\n<li class=\"wp-block-stackable-icon-list-item stk-block-icon-list-item stk-block stk-816ef75\" data-block-id=\"816ef75\"><div class=\"stk-block-icon-list-item__content\"><span class=\"stk--svg-wrapper\"><div class=\"stk--inner-svg\"><svg aria-hidden=\"true\" width=\"32\" height=\"32\"><use xlink:href=\"#stk-icon-list__icon-svg-def-5e889fe\"><\/use><\/svg><\/div><\/span><span class=\"stk-block-icon-list-item__text\">Finnish Sauna<\/span><\/div><\/li>\n\n\n\n<li class=\"wp-block-stackable-icon-list-item stk-block-icon-list-item stk-block stk-ee42806\" data-block-id=\"ee42806\"><div class=\"stk-block-icon-list-item__content\"><span class=\"stk--svg-wrapper\"><div class=\"stk--inner-svg\"><svg aria-hidden=\"true\" width=\"32\" height=\"32\"><use xlink:href=\"#stk-icon-list__icon-svg-def-5e889fe\"><\/use><\/svg><\/div><\/span><span class=\"stk-block-icon-list-item__text\">Modern fitness room with Techno-Gym equipment<\/span><\/div><\/li>\n\n\n\n<li class=\"wp-block-stackable-icon-list-item stk-block-icon-list-item stk-block stk-ea4ba3b\" data-block-id=\"ea4ba3b\"><div class=\"stk-block-icon-list-item__content\"><span class=\"stk--svg-wrapper\"><div class=\"stk--inner-svg\"><svg aria-hidden=\"true\" width=\"32\" height=\"32\"><use xlink:href=\"#stk-icon-list__icon-svg-def-5e889fe\"><\/use><\/svg><\/div><\/span><span class=\"stk-block-icon-list-item__text\">Free city bike hire<\/span><\/div><\/li>\n\n\n\n<li class=\"wp-block-stackable-icon-list-item stk-block-icon-list-item stk-block stk-8a870ce\" data-block-id=\"8a870ce\"><div class=\"stk-block-icon-list-item__content\"><span class=\"stk--svg-wrapper\"><div class=\"stk--inner-svg\"><svg aria-hidden=\"true\" width=\"32\" height=\"32\"><use xlink:href=\"#stk-icon-list__icon-svg-def-5e889fe\"><\/use><\/svg><\/div><\/span><span class=\"stk-block-icon-list-item__text\">Car park in front of the hotel<\/span><\/div><\/li>\n\n\n\n<li class=\"wp-block-stackable-icon-list-item stk-block-icon-list-item stk-block stk-155281b\" data-block-id=\"155281b\"><div class=\"stk-block-icon-list-item__content\"><span class=\"stk--svg-wrapper\"><div class=\"stk--inner-svg\"><svg aria-hidden=\"true\" width=\"32\" height=\"32\"><use xlink:href=\"#stk-icon-list__icon-svg-def-5e889fe\"><\/use><\/svg><\/div><\/span><span class=\"stk-block-icon-list-item__text\">Wi-Fi throughout the hotel<\/span><\/div><\/li>\n\n\n\n<li class=\"wp-block-stackable-icon-list-item stk-block-icon-list-item stk-block stk-8025e20\" data-block-id=\"8025e20\"><div class=\"stk-block-icon-list-item__content\"><span class=\"stk--svg-wrapper\"><div class=\"stk--inner-svg\"><svg aria-hidden=\"true\" width=\"32\" height=\"32\"><use xlink:href=\"#stk-icon-list__icon-svg-def-5e889fe\"><\/use><\/svg><\/div><\/span><span class=\"stk-block-icon-list-item__text\">Complimentary mineral water in the room<\/span><\/div><\/li>\n\n\n\n<li class=\"wp-block-stackable-icon-list-item stk-block-icon-list-item stk-block stk-26d1e82\" data-block-id=\"26d1e82\"><div class=\"stk-block-icon-list-item__content\"><span class=\"stk--svg-wrapper\"><div class=\"stk--inner-svg\"><svg aria-hidden=\"true\" width=\"32\" height=\"32\"><use xlink:href=\"#stk-icon-list__icon-svg-def-5e889fe\"><\/use><\/svg><\/div><\/span><span class=\"stk-block-icon-list-item__text\"><a href=\"https:\/\/www.tourismus.baden.at\/vip-card\" target=\"_blank\" rel=\"noreferrer noopener\">Baden &#8211; VIP Card<\/a> mit vielen Erm\u00e4\u00dfigungen<\/span><\/div><\/li>\n<\/ul><\/div>\n<\/div><\/div><\/div>\n\n\n\n<div class=\"wp-block-stackable-column stk-block-column stk-column stk-block stk-d498fe2\" data-v=\"4\" data-block-id=\"d498fe2\"><style>.stk-d498fe2 {align-self:flex-start !important;}<\/style><div class=\"stk-column-wrapper stk-block-column__content stk-container stk-d498fe2-container stk--no-background stk--no-padding\"><div class=\"stk-block-content stk-inner-blocks stk-d498fe2-inner-blocks\">\n<div class=\"wp-block-stackable-image stk-block-image stk-block stk-c5264c8\" data-block-id=\"c5264c8\"><style>.stk-c5264c8 .stk-img-wrapper{width:99% !important;height:400px !important;}<\/style><figure><span class=\"stk-img-wrapper stk-image--shape-stretch\"><img loading=\"lazy\" decoding=\"async\" class=\"stk-img wp-image-2219\" src=\"https:\/\/hotelsacherbaden.com\/wp-content\/uploads\/2024\/05\/B2A5679.jpg\" width=\"2000\" height=\"1334\" alt=\"Hotel Sacher Baden\" title=\"\" srcset=\"https:\/\/hotelsacherbaden.com\/wp-content\/uploads\/2024\/05\/B2A5679.jpg 2000w, https:\/\/hotelsacherbaden.com\/wp-content\/uploads\/2024\/05\/B2A5679-300x200.jpg 300w, https:\/\/hotelsacherbaden.com\/wp-content\/uploads\/2024\/05\/B2A5679-1024x683.jpg 1024w, https:\/\/hotelsacherbaden.com\/wp-content\/uploads\/2024\/05\/B2A5679-768x512.jpg 768w, https:\/\/hotelsacherbaden.com\/wp-content\/uploads\/2024\/05\/B2A5679-1536x1025.jpg 1536w, https:\/\/hotelsacherbaden.com\/wp-content\/uploads\/2024\/05\/B2A5679-18x12.jpg 18w\" sizes=\"auto, (max-width: 2000px) 100vw, 2000px\" \/><\/span><\/figure><\/div>\n<\/div><\/div><\/div>\n<\/div><\/div>\n\n\n\n<div class=\"wp-block-stackable-columns alignfull stk-block-columns stk-block stk-1a9029b\" data-block-id=\"1a9029b\"><div class=\"stk-row stk-inner-blocks stk-block-content stk-content-align stk-1a9029b-column\">\n<div class=\"wp-block-stackable-column stk-block-column stk-column stk-block stk-771f764\" data-v=\"4\" data-block-id=\"771f764\"><style>.stk-771f764 {align-self:center !important;}<\/style><div class=\"stk-column-wrapper stk-block-column__content stk-container stk-771f764-container stk--no-background stk--no-padding\"><div class=\"stk-block-content stk-inner-blocks stk-771f764-inner-blocks\">\n<div class=\"wp-block-stackable-columns aligncenter stk-block-columns stk-block stk-523ef47\" data-block-id=\"523ef47\"><div class=\"stk-row stk-inner-blocks stk-block-content stk-content-align stk-523ef47-column\">\n<div class=\"wp-block-stackable-column stk-block-column stk-column stk-block stk-8db9532\" data-v=\"4\" data-block-id=\"8db9532\"><style>.stk-8db9532 {align-self:center !important;}@media screen and (min-width:690px){.stk-8db9532 {flex:var(--stk-flex-grow, 1) 1 calc(47.6% - var(--stk-column-gap, 0px) * 1 \/ 2 ) !important;}}<\/style><div class=\"stk-column-wrapper stk-block-column__content stk-container stk-8db9532-container stk--no-background stk--no-padding\"><div class=\"stk-block-content stk-inner-blocks stk-8db9532-inner-blocks\">\n<div class=\"wp-block-stackable-image stk-block-image stk-block stk-56c2642\" data-block-id=\"56c2642\"><style>.stk-56c2642 .stk-img-wrapper{width:100% !important;height:423px !important;}<\/style><figure><span class=\"stk-img-wrapper stk-image--shape-stretch\"><img loading=\"lazy\" decoding=\"async\" class=\"stk-img wp-image-2216\" src=\"https:\/\/hotelsacherbaden.com\/wp-content\/uploads\/2024\/05\/KT_202403011_049.jpg\" width=\"1772\" height=\"1181\" alt=\"Hotel Sacher Baden\" title=\"\" srcset=\"https:\/\/hotelsacherbaden.com\/wp-content\/uploads\/2024\/05\/KT_202403011_049.jpg 1772w, https:\/\/hotelsacherbaden.com\/wp-content\/uploads\/2024\/05\/KT_202403011_049-300x200.jpg 300w, https:\/\/hotelsacherbaden.com\/wp-content\/uploads\/2024\/05\/KT_202403011_049-1024x682.jpg 1024w, https:\/\/hotelsacherbaden.com\/wp-content\/uploads\/2024\/05\/KT_202403011_049-768x512.jpg 768w, https:\/\/hotelsacherbaden.com\/wp-content\/uploads\/2024\/05\/KT_202403011_049-1536x1024.jpg 1536w, https:\/\/hotelsacherbaden.com\/wp-content\/uploads\/2024\/05\/KT_202403011_049-18x12.jpg 18w\" sizes=\"auto, (max-width: 1772px) 100vw, 1772px\" \/><\/span><\/figure><\/div>\n<\/div><\/div><\/div>\n\n\n\n<div class=\"wp-block-stackable-column stk-block-column stk-column stk-block stk-a07cb4b\" data-v=\"4\" data-block-id=\"a07cb4b\"><style>.stk-a07cb4b {align-items:center !important;display:flex !important;}@media screen and (min-width:690px){.stk-a07cb4b {flex:var(--stk-flex-grow, 1) 1 calc(52.4% - var(--stk-column-gap, 0px) * 1 \/ 2 ) !important;}}<\/style><div class=\"stk-column-wrapper stk-block-column__content stk-container stk-a07cb4b-container stk--no-background stk--no-padding\"><div class=\"stk-block-content stk-inner-blocks stk-a07cb4b-inner-blocks\">\n<div class=\"wp-block-getwid-advanced-heading\" style=\"margin-bottom:0px;margin-top:0px\"><span class=\"wp-block-getwid-advanced-heading__content has-text-color has-palette-color-2-color\" style=\"text-align:center\"><strong>A variety of offers<\/strong><\/span><\/div>\n\n\n\n<div class=\"wp-block-stackable-heading stk-block-heading stk-block-heading--v2 stk-block stk-0bd9275\" id=\"fur-unsere-gaste\" data-block-id=\"0bd9275\"><style>.stk-0bd9275 {margin-bottom:0px !important;}.stk-0bd9275 .stk-block-heading__text{font-size:3em !important;font-family:\"Great Vibes\", Sans-serif !important;}@media screen and (max-width:999px){.stk-0bd9275 .stk-block-heading__text{font-size:3em !important;}}<\/style><h2 class=\"stk-block-heading__text has-text-align-center\">For our guests<\/h2><\/div>\n\n\n\n<p style=\"line-height:1.4\"><strong><span style=\"color: var(--theme-palette-color-1, #DCA720);\" class=\"stk-highlight\">Offer for those seeking relaxation:<\/span><\/strong> <br>Finnish sauna and fitness area | Hiking network through the Vienna Woods<\/p>\n\n\n\n<p style=\"line-height:1.4\"><strong><span style=\"color: var(--theme-palette-color-1, #DCA720);\" class=\"stk-highlight\">Offer for sports enthusiasts:<\/span><\/strong><br>Cycle paths through the Vienna Woods | Bicycles for hire at the hotel<\/p>\n\n\n\n<p style=\"line-height:1.4\"><strong><span style=\"color: var(--theme-palette-color-1, #DCA720);\" class=\"stk-highlight\">Offer for gourmets:<\/span><\/strong><br>1 x per month brunch | breakfast also for external guests<br>Restaurant | Caf\u00e9 with in-house Sacher-style cake<\/p>\n\n\n\n<p style=\"line-height:1.4\"><strong><span style=\"color: var(--theme-palette-color-1, #DCA720);\" class=\"stk-highlight\">Offer for dog lovers:<\/span><\/strong><br>Dog blanket, food bowls, a comfortable dog basket, \u2018Do not disturb\u2019 sign for a fee of 15,- EUR per night<\/p>\n\n\n\n<p style=\"line-height:1.4\"><strong><span style=\"color: var(--theme-palette-color-1, #DCA720);\" class=\"stk-highlight\">For special occasions:<\/span><\/strong><br>Rooms for private and professional events<\/p>\n<\/div><\/div><\/div>\n<\/div><\/div>\n<\/div><\/div><\/div>\n<\/div><\/div>","protected":false},"excerpt":{"rendered":"<p>Als Gast im Hotel Sacher Baden erwartet Sie nicht nur Gem\u00fctlichkeit, hoher Komfort und ein wundersch\u00f6nes Ambiente, sondern auch die herzliche Bekanntschaft vieler freundlicher Menschen. Dar\u00fcber hinaus d\u00fcrfen Sie sich auf eine Vielzahl weiterer Annehmlichkeiten freuen, die Ihren Aufenthalt bei uns zu etwas Besonderem machen. Unsere Inklusivleistungen sind \u00e4u\u00dferst vielf\u00e4ltig und umfassen verschiedene Bereiche, die [&hellip;]<\/p>","protected":false},"author":4,"featured_media":0,"parent":0,"menu_order":0,"comment_status":"closed","ping_status":"closed","template":"","meta":{"_acf_changed":false,"footnotes":""},"class_list":["post-2081","page","type-page","status-publish","hentry"],"blocksy_meta":[],"acf":[],"_links":{"self":[{"href":"https:\/\/hotelsacherbaden.com\/en\/wp-json\/wp\/v2\/pages\/2081","targetHints":{"allow":["GET"]}}],"collection":[{"href":"https:\/\/hotelsacherbaden.com\/en\/wp-json\/wp\/v2\/pages"}],"about":[{"href":"https:\/\/hotelsacherbaden.com\/en\/wp-json\/wp\/v2\/types\/page"}],"author":[{"embeddable":true,"href":"https:\/\/hotelsacherbaden.com\/en\/wp-json\/wp\/v2\/users\/4"}],"replies":[{"embeddable":true,"href":"https:\/\/hotelsacherbaden.com\/en\/wp-json\/wp\/v2\/comments?post=2081"}],"version-history":[{"count":29,"href":"https:\/\/hotelsacherbaden.com\/en\/wp-json\/wp\/v2\/pages\/2081\/revisions"}],"predecessor-version":[{"id":2800,"href":"https:\/\/hotelsacherbaden.com\/en\/wp-json\/wp\/v2\/pages\/2081\/revisions\/2800"}],"wp:attachment":[{"href":"https:\/\/hotelsacherbaden.com\/en\/wp-json\/wp\/v2\/media?parent=2081"}],"curies":[{"name":"wp","href":"https:\/\/api.w.org\/{rel}","templated":true}]}}