{"id":390,"date":"2023-10-16T19:41:12","date_gmt":"2023-10-16T17:41:12","guid":{"rendered":"https:\/\/hotelsacherbaden.avant-iconic.com\/?page_id=390"},"modified":"2024-05-22T19:49:02","modified_gmt":"2024-05-22T17:49:02","slug":"doppelzimmer-classico-ohne-balkon","status":"publish","type":"page","link":"https:\/\/hotelsacherbaden.com\/en\/doppelzimmer-classico-ohne-balkon\/","title":{"rendered":"DOUBLE ROOM ''CLASSICO''\nWITHOUT BALCONY"},"content":{"rendered":"<div class=\"wp-block-stackable-columns alignfull stk-block-columns stk-block stk-93933d0 stk-block-background\" data-block-id=\"93933d0\"><style>.stk-93933d0{background-color:var(--theme-palette-color-7,#FAFBFC) !important;padding-top:80px !important;padding-bottom:80px !important;margin-bottom:0px !important}.stk-93933d0:before{background-color:var(--theme-palette-color-7,#FAFBFC) !important}<\/style><div class=\"stk-row stk-inner-blocks stk-block-content stk-content-align stk-93933d0-column alignwide\">\n<div class=\"wp-block-stackable-column stk-block-column stk-column stk-block stk-8f765cc\" data-v=\"4\" data-block-id=\"8f765cc\"><div class=\"stk-column-wrapper stk-block-column__content stk-container stk-8f765cc-container stk--no-background stk--no-padding\"><div class=\"stk-block-content stk-inner-blocks stk-8f765cc-inner-blocks\">\n<div class=\"wp-block-stackable-columns stk-block-columns stk-block stk-b11edfe\" data-block-id=\"b11edfe\"><style>.stk-b11edfe{margin-bottom:48px !important}.stk-b11edfe-column{--stk-column-gap:64px !important;row-gap:32px !important}<\/style><div class=\"stk-row stk-inner-blocks stk-block-content stk-content-align stk-b11edfe-column\">\n<div class=\"wp-block-stackable-column stk-block-column stk-column stk-block stk-56c32c2\" data-v=\"4\" data-block-id=\"56c32c2\"><style>.stk-56c32c2-container{margin-top:0px !important;margin-right:0px !important;margin-bottom:0px !important;margin-left:0px !important}.stk-56c32c2-inner-blocks{justify-content:center !important}@media screen and (min-width:690px){.stk-56c32c2{flex:var(--stk-flex-grow,1) 1 calc(52.4% - var(--stk-column-gap,0px) * 1 \/ 2 ) !important}}@media screen and (min-width:690px) and (max-width:999px){.stk-56c32c2{flex:var(--stk-flex-grow,1) 1 calc(100% - var(--stk-column-gap,0px) * 0 \/ 1 ) !important}}<\/style><div class=\"stk-column-wrapper stk-block-column__content stk-container stk-56c32c2-container stk--no-background stk--no-padding\"><div class=\"stk--column-flex stk-block-content stk-inner-blocks stk-56c32c2-inner-blocks\">\n<div class=\"wp-block-stackable-heading stk-block-heading stk-block-heading--v2 stk-block stk-7cfbc62\" id=\"span-style-color-var-palette-color-1-dca-720-class-stk-highlight-strong-zimmer-stil-strong-moderno-strong-strong-span\" data-block-id=\"7cfbc62\"><h1 class=\"stk-block-heading__text\"><span style=\"color: var(--theme-palette-color-1, #DCA720);\" class=\"stk-highlight\"><strong>DOUBLE ROOM&nbsp;<\/strong>''CLASSICO<\/span><br><span style=\"color: var(--theme-palette-color-1, #DCA720);\" class=\"stk-highlight\"><em><strong>WITHOUT BALCONY<\/strong><\/em><\/span><\/h1><\/div>\n\n\n\n<p>The room atmosphere \"Classico\" is characterized by the charm of the Biedermeier furniture, soft carpeted floors, and an Imperial height in the room. The rooms are located in the protected historic part of the hotel. The high-quality equipment provides guests with comfort and harmony. This classically furnished rooms guarantee a tradition dreams on 25 square meters. No air conditioning available due to the monument protection act.<\/p>\n\n\n\n<div class=\"wp-block-stackable-icon-list stk-block-icon-list stk-block stk-911ff7a\" data-block-id=\"911ff7a\"><style>.stk-911ff7a .stk-block-icon-list-item__content{gap:4px !important;align-items:baseline !important;margin-inline:0 auto !important}.stk-911ff7a{--stk-icon-list-column-count:2 !important;--stk-icon-list-marker-color:var(--theme-palette-color-2,#f6bd2d) !important;--stk-icon-height:11.5px !important}@media screen and (max-width:689px){.stk-911ff7a{--stk-icon-list-column-count:1 !important}}<\/style><svg style=\"display:none\"><defs><g id=\"stk-icon-list__icon-svg-def-911ff7a\"><svg aria-hidden=\"true\" focusable=\"false\" data-prefix=\"fas\" data-icon=\"check\" class=\"svg-inline--fa fa-check fa-w-16\" role=\"img\" xmlns=\"http:\/\/www.w3.org\/2000\/svg\" viewbox=\"0 0 512 512\"><path fill=\"currentColor\" d=\"M173.898 439.404l-166.4-166.4c-9.997-9.997-9.997-26.206 0-36.204l36.203-36.204c9.997-9.998 26.207-9.998 36.204 0L192 312.69 432.095 72.596c9.997-9.997 26.207-9.997 36.204 0l36.203 36.204c9.997 9.997 9.997 26.206 0 36.204l-294.4 294.401c-9.998 9.997-26.207 9.997-36.204-.001z\"><\/path><\/svg><\/g><\/defs><\/svg><div class=\"stk-block-icon-list__ul stk-block-icon-list--column\"><ul class=\"stk-block-icon-list__group\">\n<li class=\"wp-block-stackable-icon-list-item stk-block-icon-list-item stk-block stk-d352b07\" data-block-id=\"d352b07\"><div class=\"stk-block-icon-list-item__content\"><span class=\"stk--svg-wrapper\"><div class=\"stk--inner-svg\"><svg aria-hidden=\"true\" width=\"32\" height=\"32\"><use xlink:href=\"#stk-icon-list__icon-svg-def-911ff7a\"><\/use><\/svg><\/div><\/span><span class=\"stk-block-icon-list-item__text\">Free Wi-Fi access in the room<\/span><\/div><\/li>\n\n\n\n<li class=\"wp-block-stackable-icon-list-item stk-block-icon-list-item stk-block stk-2214da9\" data-block-id=\"2214da9\"><div class=\"stk-block-icon-list-item__content\"><span class=\"stk--svg-wrapper\"><div class=\"stk--inner-svg\"><svg aria-hidden=\"true\" width=\"32\" height=\"32\"><use xlink:href=\"#stk-icon-list__icon-svg-def-911ff7a\"><\/use><\/svg><\/div><\/span><span class=\"stk-block-icon-list-item__text\">Anti-Allergy Bedding Materials<\/span><\/div><\/li>\n\n\n\n<li class=\"wp-block-stackable-icon-list-item stk-block-icon-list-item stk-block stk-a925445\" data-block-id=\"a925445\"><div class=\"stk-block-icon-list-item__content\"><span class=\"stk--svg-wrapper\"><div class=\"stk--inner-svg\"><svg aria-hidden=\"true\" width=\"32\" height=\"32\"><use xlink:href=\"#stk-icon-list__icon-svg-def-911ff7a\"><\/use><\/svg><\/div><\/span><span class=\"stk-block-icon-list-item__text\">Desk &amp; Wardrobe<\/span><\/div><\/li>\n\n\n\n<li class=\"wp-block-stackable-icon-list-item stk-block-icon-list-item stk-block stk-45a8033\" data-block-id=\"45a8033\"><div class=\"stk-block-icon-list-item__content\"><span class=\"stk--svg-wrapper\"><div class=\"stk--inner-svg\"><svg aria-hidden=\"true\" width=\"32\" height=\"32\"><use xlink:href=\"#stk-icon-list__icon-svg-def-911ff7a\"><\/use><\/svg><\/div><\/span><span class=\"stk-block-icon-list-item__text\">modern LED lights<\/span><\/div><\/li>\n\n\n\n<li class=\"wp-block-stackable-icon-list-item stk-block-icon-list-item stk-block stk-31a3f35\" data-block-id=\"31a3f35\"><div class=\"stk-block-icon-list-item__content\"><span class=\"stk--svg-wrapper\"><div class=\"stk--inner-svg\"><svg aria-hidden=\"true\" width=\"32\" height=\"32\"><use xlink:href=\"#stk-icon-list__icon-svg-def-911ff7a\"><\/use><\/svg><\/div><\/span><span class=\"stk-block-icon-list-item__text\">A Minibar and a Safe<\/span><\/div><\/li>\n<\/ul><\/div><\/div>\n<\/div><\/div><\/div>\n\n\n\n<div class=\"wp-block-stackable-column stk-block-column stk-column stk-block stk-21d7159\" data-v=\"4\" data-block-id=\"21d7159\"><style>.stk-21d7159-container{margin-top:0px !important;margin-right:0px !important;margin-bottom:0px !important;margin-left:0px !important}@media screen and (min-width:690px){.stk-21d7159{flex:var(--stk-flex-grow,1) 1 calc(47.6% - var(--stk-column-gap,0px) * 1 \/ 2 ) !important}}@media screen and (min-width:690px) and (max-width:999px){.stk-21d7159{flex:var(--stk-flex-grow,1) 1 calc(100% - var(--stk-column-gap,0px) * 0 \/ 1 ) !important}}<\/style><div class=\"stk-column-wrapper stk-block-column__content stk-container stk-21d7159-container stk--no-background stk--no-padding\"><div class=\"stk-block-content stk-inner-blocks stk-21d7159-inner-blocks\">\n<div class=\"wp-block-stackable-image stk-block-image stk-block stk-ab91168\" data-block-id=\"ab91168\"><style>.stk-ab91168 .stk-img-wrapper{width:100% !important;height:450px !important}.stk-ab91168 .stk-img-wrapper img{object-fit:cover !important}<\/style><figure><span class=\"stk-img-wrapper stk-image--shape-stretch\"><img loading=\"lazy\" decoding=\"async\" class=\"stk-img wp-image-1485\" src=\"https:\/\/hotelsacherbaden.com\/wp-content\/uploads\/2024\/03\/KT_20240304_018-DZ-classico-ohne-Balkon-1.jpg\" width=\"1770\" height=\"1181\" alt=\"Hotel Sacher Baden\" title=\"\" srcset=\"https:\/\/hotelsacherbaden.com\/wp-content\/uploads\/2024\/03\/KT_20240304_018-DZ-classico-ohne-Balkon-1.jpg 1770w, https:\/\/hotelsacherbaden.com\/wp-content\/uploads\/2024\/03\/KT_20240304_018-DZ-classico-ohne-Balkon-1-300x200.jpg 300w, https:\/\/hotelsacherbaden.com\/wp-content\/uploads\/2024\/03\/KT_20240304_018-DZ-classico-ohne-Balkon-1-1024x683.jpg 1024w, https:\/\/hotelsacherbaden.com\/wp-content\/uploads\/2024\/03\/KT_20240304_018-DZ-classico-ohne-Balkon-1-768x512.jpg 768w, https:\/\/hotelsacherbaden.com\/wp-content\/uploads\/2024\/03\/KT_20240304_018-DZ-classico-ohne-Balkon-1-1536x1025.jpg 1536w, https:\/\/hotelsacherbaden.com\/wp-content\/uploads\/2024\/03\/KT_20240304_018-DZ-classico-ohne-Balkon-1-18x12.jpg 18w\" sizes=\"auto, (max-width: 1770px) 100vw, 1770px\" \/><\/span><\/figure><\/div>\n<\/div><\/div><\/div>\n<\/div><\/div>\n\n\n\n<div class=\"wp-block-stackable-columns stk-block-columns stk-block stk-73b60e5\" data-block-id=\"73b60e5\"><style>.stk-73b60e5{margin-bottom:0px !important}.stk-73b60e5-column{--stk-column-gap:32px !important;row-gap:32px !important}<\/style><div class=\"stk-row stk-inner-blocks stk-block-content stk-content-align stk-73b60e5-column\">\n<div class=\"wp-block-stackable-column stk-block-column stk-column stk-block stk-b48a81d\" data-v=\"4\" data-block-id=\"b48a81d\"><style>.stk-b48a81d-container{margin-top:0px !important;margin-right:0px !important;margin-bottom:0px !important;margin-left:0px !important}@media screen and (min-width:690px){.stk-b48a81d{flex:var(--stk-flex-grow,1) 1 calc(33.333% - var(--stk-column-gap,0px) * 3 \/ 4 ) !important}}@media screen and (min-width:690px) and (max-width:999px){.stk-b48a81d{flex:var(--stk-flex-grow,1) 1 calc(50% - var(--stk-column-gap,0px) * 1 \/ 2 ) !important}}<\/style><div class=\"stk-column-wrapper stk-block-column__content stk-container stk-b48a81d-container stk--no-background stk--no-padding\"><div class=\"stk-block-content stk-inner-blocks stk-b48a81d-inner-blocks\">\n<div class=\"wp-block-stackable-image stk-block-image stk-block stk-705d2b7\" data-block-id=\"705d2b7\"><style>.stk-705d2b7 .stk-img-wrapper{height:250px !important}<\/style><figure><span class=\"stk-img-wrapper stk-image--shape-stretch\"><img loading=\"lazy\" decoding=\"async\" class=\"stk-img wp-image-1487\" src=\"https:\/\/hotelsacherbaden.com\/wp-content\/uploads\/2024\/03\/KT_20240304_019-DZ-classico-ohne-Balkon.jpg\" width=\"1770\" height=\"1181\" alt=\"Hotel Sacher Baden\" title=\"\" srcset=\"https:\/\/hotelsacherbaden.com\/wp-content\/uploads\/2024\/03\/KT_20240304_019-DZ-classico-ohne-Balkon.jpg 1770w, https:\/\/hotelsacherbaden.com\/wp-content\/uploads\/2024\/03\/KT_20240304_019-DZ-classico-ohne-Balkon-300x200.jpg 300w, https:\/\/hotelsacherbaden.com\/wp-content\/uploads\/2024\/03\/KT_20240304_019-DZ-classico-ohne-Balkon-1024x683.jpg 1024w, https:\/\/hotelsacherbaden.com\/wp-content\/uploads\/2024\/03\/KT_20240304_019-DZ-classico-ohne-Balkon-768x512.jpg 768w, https:\/\/hotelsacherbaden.com\/wp-content\/uploads\/2024\/03\/KT_20240304_019-DZ-classico-ohne-Balkon-1536x1025.jpg 1536w, https:\/\/hotelsacherbaden.com\/wp-content\/uploads\/2024\/03\/KT_20240304_019-DZ-classico-ohne-Balkon-18x12.jpg 18w\" sizes=\"auto, (max-width: 1770px) 100vw, 1770px\" \/><\/span><\/figure><\/div>\n<\/div><\/div><\/div>\n\n\n\n<div class=\"wp-block-stackable-column stk-block-column stk-column stk-block stk-2cb15be\" data-v=\"4\" data-block-id=\"2cb15be\"><style>.stk-2cb15be-container{margin-top:0px !important;margin-right:0px !important;margin-bottom:0px !important;margin-left:0px !important}@media screen and (min-width:690px){.stk-2cb15be{flex:var(--stk-flex-grow,1) 1 calc(32.2% - var(--stk-column-gap,0px) * 3 \/ 4 ) !important}}@media screen and (min-width:690px) and (max-width:999px){.stk-2cb15be{flex:var(--stk-flex-grow,1) 1 calc(50% - var(--stk-column-gap,0px) * 1 \/ 2 ) !important}}<\/style><div class=\"stk-column-wrapper stk-block-column__content stk-container stk-2cb15be-container stk--no-background stk--no-padding\"><div class=\"stk-block-content stk-inner-blocks stk-2cb15be-inner-blocks\">\n<div class=\"wp-block-stackable-image stk-block-image stk-block stk-c7e16ff\" data-block-id=\"c7e16ff\"><style>.stk-c7e16ff .stk-img-wrapper{height:250px !important}<\/style><figure><span class=\"stk-img-wrapper stk-image--shape-stretch\"><img loading=\"lazy\" decoding=\"async\" class=\"stk-img wp-image-1488\" src=\"https:\/\/hotelsacherbaden.com\/wp-content\/uploads\/2024\/03\/KT_20240304_021-DZ-Classico-ohne-Balkon.jpg\" width=\"1770\" height=\"1181\" alt=\"Hotel Sacher Baden\" title=\"\" srcset=\"https:\/\/hotelsacherbaden.com\/wp-content\/uploads\/2024\/03\/KT_20240304_021-DZ-Classico-ohne-Balkon.jpg 1770w, https:\/\/hotelsacherbaden.com\/wp-content\/uploads\/2024\/03\/KT_20240304_021-DZ-Classico-ohne-Balkon-300x200.jpg 300w, https:\/\/hotelsacherbaden.com\/wp-content\/uploads\/2024\/03\/KT_20240304_021-DZ-Classico-ohne-Balkon-1024x683.jpg 1024w, https:\/\/hotelsacherbaden.com\/wp-content\/uploads\/2024\/03\/KT_20240304_021-DZ-Classico-ohne-Balkon-768x512.jpg 768w, https:\/\/hotelsacherbaden.com\/wp-content\/uploads\/2024\/03\/KT_20240304_021-DZ-Classico-ohne-Balkon-1536x1025.jpg 1536w, https:\/\/hotelsacherbaden.com\/wp-content\/uploads\/2024\/03\/KT_20240304_021-DZ-Classico-ohne-Balkon-18x12.jpg 18w\" sizes=\"auto, (max-width: 1770px) 100vw, 1770px\" \/><\/span><\/figure><\/div>\n<\/div><\/div><\/div>\n\n\n\n<div class=\"wp-block-stackable-column stk-block-column stk-column stk-block stk-874d70a\" data-v=\"4\" data-block-id=\"874d70a\"><style>.stk-874d70a-container{margin-top:0px !important;margin-right:0px !important;margin-bottom:0px !important;margin-left:0px !important}@media screen and (min-width:690px){.stk-874d70a{flex:var(--stk-flex-grow,1) 1 calc(29.8% - var(--stk-column-gap,0px) * 3 \/ 4 ) !important}}@media screen and (min-width:690px) and (max-width:999px){.stk-874d70a{flex:var(--stk-flex-grow,1) 1 calc(50% - var(--stk-column-gap,0px) * 1 \/ 2 ) !important}}<\/style><div class=\"stk-column-wrapper stk-block-column__content stk-container stk-874d70a-container stk--no-background stk--no-padding\"><div class=\"stk-block-content stk-inner-blocks stk-874d70a-inner-blocks\">\n<div class=\"wp-block-stackable-image stk-block-image stk-block stk-3c3d23a\" data-block-id=\"3c3d23a\"><style>.stk-3c3d23a .stk-img-wrapper{height:250px !important}<\/style><figure><span class=\"stk-img-wrapper stk-image--shape-stretch\"><img loading=\"lazy\" decoding=\"async\" class=\"stk-img wp-image-1489\" src=\"https:\/\/hotelsacherbaden.com\/wp-content\/uploads\/2024\/03\/KT_20240304_025-1-DZ-classico-ohne-Balkon.jpg\" width=\"1770\" height=\"1181\" alt=\"Hotel Sacher Baden\" title=\"\" srcset=\"https:\/\/hotelsacherbaden.com\/wp-content\/uploads\/2024\/03\/KT_20240304_025-1-DZ-classico-ohne-Balkon.jpg 1770w, https:\/\/hotelsacherbaden.com\/wp-content\/uploads\/2024\/03\/KT_20240304_025-1-DZ-classico-ohne-Balkon-300x200.jpg 300w, https:\/\/hotelsacherbaden.com\/wp-content\/uploads\/2024\/03\/KT_20240304_025-1-DZ-classico-ohne-Balkon-1024x683.jpg 1024w, https:\/\/hotelsacherbaden.com\/wp-content\/uploads\/2024\/03\/KT_20240304_025-1-DZ-classico-ohne-Balkon-768x512.jpg 768w, https:\/\/hotelsacherbaden.com\/wp-content\/uploads\/2024\/03\/KT_20240304_025-1-DZ-classico-ohne-Balkon-1536x1025.jpg 1536w, https:\/\/hotelsacherbaden.com\/wp-content\/uploads\/2024\/03\/KT_20240304_025-1-DZ-classico-ohne-Balkon-18x12.jpg 18w\" sizes=\"auto, (max-width: 1770px) 100vw, 1770px\" \/><\/span><\/figure><\/div>\n<\/div><\/div><\/div>\n\n\n\n<div class=\"wp-block-stackable-column stk-block-column stk-column stk-block stk-849d714\" data-v=\"4\" data-block-id=\"849d714\"><style>.stk-849d714-container{margin-top:0px !important;margin-right:0px !important;margin-bottom:0px !important;margin-left:0px !important}@media screen and (min-width:690px){.stk-849d714{flex:var(--stk-flex-grow,1) 1 calc(4.667000000000002% - var(--stk-column-gap,0px) * 3 \/ 4 ) !important}}@media screen and (min-width:690px) and (max-width:999px){.stk-849d714{flex:var(--stk-flex-grow,1) 1 calc(50% - var(--stk-column-gap,0px) * 1 \/ 2 ) !important}}<\/style><div class=\"stk-column-wrapper stk-block-column__content stk-container stk-849d714-container stk--no-background stk--no-padding\"><div class=\"stk-block-content stk-inner-blocks stk-849d714-inner-blocks\">\n<div class=\"wp-block-stackable-image stk-block-image stk-block stk-df5a6a4\" data-block-id=\"df5a6a4\"><style>.stk-df5a6a4 .stk-img-wrapper{height:250px !important}<\/style><\/div>\n<\/div><\/div><\/div>\n<\/div><\/div>\n<\/div><\/div><\/div>\n<\/div><\/div>\n\n\n\n<div class=\"wp-block-stackable-columns alignfull stk-block-columns stk-block stk-36efd9c\" data-block-id=\"36efd9c\"><div class=\"stk-row stk-inner-blocks stk-block-content stk-content-align stk-36efd9c-column alignfull\">\n<div class=\"wp-block-stackable-column stk-block-column stk-column stk-block stk-7588314\" data-v=\"4\" data-block-id=\"7588314\"><div class=\"stk-column-wrapper stk-block-column__content stk-container stk-7588314-container stk--no-background stk--no-padding\"><div class=\"stk-block-content stk-inner-blocks stk-7588314-inner-blocks\">\n<iframe id=\"wb-widget\" data-src=\"https:\/\/hotel-sacher-baden.at1.webbox.interalp.at\/room\/dzclassicohne\/?mode=iframe\" src=\"https:\/\/hotel-sacher-baden.at1.webbox.interalp.at\/room\/dzclassicohne\/?mode=iframe\" style=\"width: 100%;\" scrolling=\"no\"><\/iframe>\n<script type=\"text\/javascript\">\n\nvar UA_Id = google_analytics_code;\nvar waitCount = 0;\nvar headerHeight = 0,\n    webBoxElement = document.getElementById(\"wb-widget\"),\n    webBoxMethod = window.addEventListener ? \"addEventListener\" : \"attachEvent\",\n    webBoxListener = window[webBoxMethod],\n    webBoxMessage = webBoxMethod == \"attachEvent\" ? \"onmessage\" : \"message\",\n    webBoxParams = \"\";\n\n\nwebBoxListener(webBoxMessage, function (e) {\n\n    if (e.data !== \"\" && e.origin.indexOf(\"webbox\") > -1) {\n        document.getElementById(\"wb-widget\").style.height = parseInt(e.data.height) + \"px\";\n        if (e.data.offsetTop !== undefined) {\n            window.scrollTo(0, parseInt(e.data.offsetTop) + (webBoxElement.getBoundingClientRect().top - document.body.getBoundingClientRect().top) - headerHeight);\n        } else if (e.data.scroll !== undefined) {\n            setTimeout(function () {\n                window.scrollTo(0, window.scrollY + 1);\n            }, 500);\n        };\n    };\n\n}, false);\n\nwindow.onscroll = function () {\n\n    var elementPosTop = webBoxElement.getBoundingClientRect().top + window.pageYOffset - headerHeight,\n        elementHeight = webBoxElement.offsetHeight,\n        windowScrollTop = window.pageYOffset,\n        topValue = windowScrollTop - elementPosTop;\n\n    if (windowScrollTop < elementPosTop) {\n        topValue = 0;\n    };\n\n    webBoxElement.contentWindow.postMessage({\n        \"height\": elementHeight,\n        \"top\": topValue\n    }, \"*\");\n\n};\n\nwindow.onload = function () {\n\n    var elementPosTop = webBoxElement.getBoundingClientRect().top + window.pageYOffset - headerHeight,\n        elementHeight = webBoxElement.offsetHeight,\n        windowScrollTop = window.pageYOffset,\n        topValue = windowScrollTop - elementPosTop;\n\n    if (windowScrollTop < elementPosTop) {\n        topValue = 0;\n    };\n\n    webBoxElement.contentWindow.postMessage({\n        \"height\": elementHeight,\n        \"top\": topValue\n    }, \"*\");\n\n};\n\nfunction getURLParameter(name) {\n\n    name = name.replace(\/[\\[]\/, \"\\\\[\").replace(\/[\\]]\/, \"\\\\]\");\n\n    var regex = new RegExp(\"[\\\\?&#038;]\" + name + \"=([^&#038;#]*)\"),\n        results = regex.exec(location.search);\n\n    return results === null ? \"\" : decodeURIComponent(results[1].replace(\/\\+\/g, \" \"));\n\n};\n\nif (getURLParameter(\"Op\") !== \"\") webBoxParams = \"&#038;Op=\" + getURLParameter(\"Op\");\nif (getURLParameter(\"DateFrom\") !== \"\") webBoxParams += \"&#038;DateFrom=\" + getURLParameter(\"DateFrom\");\nif (getURLParameter(\"DateTo\") !== \"\") webBoxParams += \"&#038;DateTo=\" + getURLParameter(\"DateTo\");\nif (getURLParameter(\"Room\") !== \"\") webBoxParams += \"&#038;Room=\" + getURLParameter(\"Room\");\nif (getURLParameter(\"Package\") !== \"\") webBoxParams += \"&#038;Package=\" + getURLParameter(\"Package\");\n\nif (webBoxParams.length > 0) {\n    webBoxElement.setAttribute(\"data-src\", webBoxElement.getAttribute(\"data-src\") + webBoxParams);\n}\n\n\/\/ Check if Google Analytics is already loaded\nfunction check_ga() {\n\n    if (typeof gtag !== \"undefined\") {\n        gtag('get', UA_Id, 'client_id', (clientId) => {\n            webBoxElement.setAttribute(\"src\", webBoxElement.getAttribute(\"data-src\") + \"&_ga=\" + clientId);\n            console.log(\"Google Analytics gtag.js found with clientID:\" + clientId);\n        });\n    } else if (typeof ga !== \"undefined\") {\n        ga(function (tracker) {\n\n            \/\/ If tracker is undefined we try to check with ga.getAll()\n            if (tracker === undefined) {\n                var tracker2 = ga.getAll()[0];\n                var clientId = tracker2.get('clientId');\n                console.log(\"Google Tag Manager found with clientId: \" + clientId);\n\n                webBoxElement.setAttribute(\"src\", webBoxElement.getAttribute(\"data-src\") + \"&_ga=\" + clientId);\n            } else {\n                var clientId = tracker.get('clientId');\n                console.log(\"Google Analytics ga.js found with clientID: \" + clientId)\n                webBoxElement.setAttribute(\"src\", webBoxElement.getAttribute(\"data-src\") + \"&_ga=\" + clientId);\n            }\n        });\n    } else {\n\n        \/\/ Wait max. 1,5 seconds until we load the webbox without Google Analytics\n        if (waitCount > 3) {\n            console.log(\"No Google Analytics found.\");\n            webBoxElement.setAttribute(\"src\", webBoxElement.getAttribute(\"data-src\"));\n        } else {\n            waitCount += 1;\n            setTimeout(check_ga, 500);\n        }\n    }\n}\n\n\/\/ Check if Google Anyltics is already loaded\ncheck_ga();\n<\/script>\n<\/div><\/div><\/div>\n<\/div><\/div>","protected":false},"excerpt":{"rendered":"<p>DOPPELZIMMER&nbsp;CLASSICOOHNE BALKON Das&nbsp; Zimmerambiente \u201eClassico\u201c ist gepr\u00e4gt vom Charme der Biedermeierm\u00f6bel, weichen Teppichb\u00f6den und einer kaiserlichen Raumh\u00f6he.&nbsp;Die Zimmer&nbsp;befinden sich im denkmalgesch\u00fctzten, historischen Teil des Hotels. Die hochwertige Ausstattung vermittelt dem Gast Behaglichkeit und Harmonie. Diese klassisch eingerichteten Zimmer garantieren&nbsp;traditionsreiche Tr\u00e4ume auf 25m\u00b2. Keine Klimaanlage vorhanden aufgrund des Denkmalschutz Gesetzes.<\/p>","protected":false},"author":3,"featured_media":0,"parent":0,"menu_order":0,"comment_status":"closed","ping_status":"closed","template":"","meta":{"_acf_changed":false,"footnotes":""},"class_list":["post-390","page","type-page","status-publish","hentry"],"blocksy_meta":[],"acf":[],"_links":{"self":[{"href":"https:\/\/hotelsacherbaden.com\/en\/wp-json\/wp\/v2\/pages\/390","targetHints":{"allow":["GET"]}}],"collection":[{"href":"https:\/\/hotelsacherbaden.com\/en\/wp-json\/wp\/v2\/pages"}],"about":[{"href":"https:\/\/hotelsacherbaden.com\/en\/wp-json\/wp\/v2\/types\/page"}],"author":[{"embeddable":true,"href":"https:\/\/hotelsacherbaden.com\/en\/wp-json\/wp\/v2\/users\/3"}],"replies":[{"embeddable":true,"href":"https:\/\/hotelsacherbaden.com\/en\/wp-json\/wp\/v2\/comments?post=390"}],"version-history":[{"count":17,"href":"https:\/\/hotelsacherbaden.com\/en\/wp-json\/wp\/v2\/pages\/390\/revisions"}],"predecessor-version":[{"id":3125,"href":"https:\/\/hotelsacherbaden.com\/en\/wp-json\/wp\/v2\/pages\/390\/revisions\/3125"}],"wp:attachment":[{"href":"https:\/\/hotelsacherbaden.com\/en\/wp-json\/wp\/v2\/media?parent=390"}],"curies":[{"name":"wp","href":"https:\/\/api.w.org\/{rel}","templated":true}]}}